{"id":1752,"date":"2017-02-08T17:43:47","date_gmt":"2017-02-08T22:43:47","guid":{"rendered":"https:\/\/www.traditiumcanada.com\/home\/"},"modified":"2025-01-10T11:12:25","modified_gmt":"2025-01-10T16:12:25","slug":"accueil","status":"publish","type":"page","link":"https:\/\/traditium.agencedev.com\/fr\/","title":{"rendered":"Accueil"},"content":{"rendered":"<div id=\"pl-1752\"  class=\"panel-layout\" ><div id=\"pg-1752-0\"  class=\"panel-grid panel-has-style\" ><div class=\"background-gradient-top siteorigin-panels-stretch full background-display-auto panel-row-style panel-row-style-for-1752-0\" id=\"intro-traditium-home\" ><div id=\"pgc-1752-0-0\"  class=\"panel-grid-cell\" ><div class=\"panel-cell-style panel-cell-style-for-1752-0-0\" ><div id=\"panel-1752-0-0-0\" class=\"so-panel widget widget_traditium_image widget_image panel-first-child panel-last-child\" data-index=\"0\" >\n\t\t\t\t\t\t\t<img loading=\"lazy\" decoding=\"async\" width=\"1000\" height=\"1092\" src=\"https:\/\/traditium.agencedev.com\/wp-content\/uploads\/columbarium-lexan-petit-traditium.webp\" class=\"attachment-large size-large\" alt=\"\" srcset=\"https:\/\/traditium.agencedev.com\/wp-content\/uploads\/columbarium-lexan-petit-traditium.webp 1000w, https:\/\/traditium.agencedev.com\/wp-content\/uploads\/columbarium-lexan-petit-traditium-275x300.webp 275w, https:\/\/traditium.agencedev.com\/wp-content\/uploads\/columbarium-lexan-petit-traditium-768x839.webp 768w\" sizes=\"auto, (max-width: 1000px) 100vw, 1000px\" \/>\t\t\n\t\t<\/div><\/div><\/div><div id=\"pgc-1752-0-1\"  class=\"panel-grid-cell\" ><div class=\"panel-cell-style panel-cell-style-for-1752-0-1\" ><div id=\"panel-1752-0-1-0\" class=\"so-panel widget widget_traditium_texte_generique widget_texte_generique panel-first-child panel-last-child\" data-index=\"1\" >\n\t\t<div class=\"widget-container center\">\n\n\t\t\t\t\t\t\t\t\t\t\t\t\t\t<h3 class=\"h3 widget-title\">\u00c0 propos de Traditium<\/h3>\t\t\t\n\t\t\t\t\t\t\t\t\t\t<p class=\"font_8\">Issu de nombreuses ann\u00e9es de recherche et d\u00e9veloppement et n\u00e9cessitant la collaboration d'une \u00e9quipe d'artistes, d'artisans et d'ing\u00e9nieurs,\u00a0\u00a0TRADITIUM\u2122 est n\u00e9.\u00a0 La gamme de produits r\u00e9pond parfaitement \u00e0 la mission de d\u00e9part que nous nous \u00e9tions fix\u00e9.<\/p>\n<p class=\"font_8\">Durabilit\u00e9, \u00e9tanch\u00e9it\u00e9, s\u00e9curit\u00e9 et signature artistique unique font de TRADITIUM\u2122 le meilleur produit de columbarium jamais r\u00e9alis\u00e9.<\/p>\n\t\t\t\n\t\t\t\t\t\t\t\t\t\t<a class=\"btn btn-primary\" href=\"https:\/\/www.traditiumcanada.com\/fr\/columbariums\/\" target=\"_self\" rel=\"noopener noreferrer\">\n\t\t\t\t\tColumbariums\t\t\t\t<\/a>\n\t\t\t\n\t\t<\/div>\n\n\n\t\t<\/div><\/div><\/div><div id=\"pgc-1752-0-2\"  class=\"panel-grid-cell\" ><div class=\"panel-cell-style panel-cell-style-for-1752-0-2\" ><div id=\"panel-1752-0-2-0\" class=\"so-panel widget widget_traditium_image widget_image panel-first-child panel-last-child\" data-index=\"2\" >\n\t\t\t\t\t\t\t<img loading=\"lazy\" decoding=\"async\" width=\"388\" height=\"280\" src=\"https:\/\/traditium.agencedev.com\/wp-content\/uploads\/traditium-icon-brevet-fr.svg\" class=\"attachment-large size-large\" alt=\"\" \/>\t\t\n\t\t<\/div><\/div><\/div><\/div><\/div><div id=\"pg-1752-1\"  class=\"panel-grid panel-has-style\" ><div class=\"siteorigin-panels-stretch full background-display-auto panel-row-style panel-row-style-for-1752-1\" ><div id=\"pgc-1752-1-0\"  class=\"panel-grid-cell\" ><div id=\"panel-1752-1-0-0\" class=\"so-panel widget widget_traditium_image_slideshow widget_image_slideshow panel-first-child panel-last-child\" data-index=\"3\" >\n\t\t\t\t\n\t\t<div class=\"section-slider\">\n\t\t\t\t\t\t\t<div class=\"slider-arrows slider-arrows-carousel\"><\/div>\n\t\t\t\t<img decoding=\"async\" class=\"carousel-left-arrow\" src=\"https:\/\/traditium.agencedev.com\/wp-content\/themes\/traditium\/images\/carousel-left-arrow-traditium.svg\" alt=\"Left pointer\">\n\t\t\t\t<img decoding=\"async\" class=\"carousel-right-arrow\" src=\"https:\/\/traditium.agencedev.com\/wp-content\/themes\/traditium\/images\/carousel-right-arrow-traditium.svg\" alt=\"Left pointer\">\n\t\t\t\t<div class=\"slider slider-images\">\n\t\t\t\t\t\t\t\t\t\t\t<div class=\"slide-image\">\n\t\t\t\t\t\t\t<img loading=\"lazy\" decoding=\"async\" width=\"2000\" height=\"1172\" src=\"https:\/\/traditium.agencedev.com\/wp-content\/uploads\/billy-gibson-traditium-canada.jpg\" class=\"attachment-full size-full\" alt=\"\" srcset=\"https:\/\/traditium.agencedev.com\/wp-content\/uploads\/billy-gibson-traditium-canada.jpg 2000w, https:\/\/traditium.agencedev.com\/wp-content\/uploads\/billy-gibson-traditium-canada-300x176.jpg 300w, https:\/\/traditium.agencedev.com\/wp-content\/uploads\/billy-gibson-traditium-canada-1250x733.jpg 1250w, https:\/\/traditium.agencedev.com\/wp-content\/uploads\/billy-gibson-traditium-canada-768x450.jpg 768w, https:\/\/traditium.agencedev.com\/wp-content\/uploads\/billy-gibson-traditium-canada-1536x900.jpg 1536w\" sizes=\"auto, (max-width: 2000px) 100vw, 2000px\" \/>\t\t\t\t\t\t<\/div>\n\t\t\t\t\t\t\t\t\t\t\t<div class=\"slide-image\">\n\t\t\t\t\t\t\t<img loading=\"lazy\" decoding=\"async\" width=\"2000\" height=\"1172\" src=\"https:\/\/traditium.agencedev.com\/wp-content\/uploads\/ensemble-columbariums-traditium-1.jpg\" class=\"attachment-full size-full\" alt=\"\" srcset=\"https:\/\/traditium.agencedev.com\/wp-content\/uploads\/ensemble-columbariums-traditium-1.jpg 2000w, https:\/\/traditium.agencedev.com\/wp-content\/uploads\/ensemble-columbariums-traditium-1-300x176.jpg 300w, https:\/\/traditium.agencedev.com\/wp-content\/uploads\/ensemble-columbariums-traditium-1-1250x733.jpg 1250w, https:\/\/traditium.agencedev.com\/wp-content\/uploads\/ensemble-columbariums-traditium-1-768x450.jpg 768w, https:\/\/traditium.agencedev.com\/wp-content\/uploads\/ensemble-columbariums-traditium-1-1536x900.jpg 1536w\" sizes=\"auto, (max-width: 2000px) 100vw, 2000px\" \/>\t\t\t\t\t\t<\/div>\n\t\t\t\t\t\t\t\t\t\t\t<div class=\"slide-image\">\n\t\t\t\t\t\t\t<img loading=\"lazy\" decoding=\"async\" width=\"2000\" height=\"1172\" src=\"https:\/\/traditium.agencedev.com\/wp-content\/uploads\/normand-gibson-traditium-canada.jpg\" class=\"attachment-full size-full\" alt=\"\" srcset=\"https:\/\/traditium.agencedev.com\/wp-content\/uploads\/normand-gibson-traditium-canada.jpg 2000w, https:\/\/traditium.agencedev.com\/wp-content\/uploads\/normand-gibson-traditium-canada-300x176.jpg 300w, https:\/\/traditium.agencedev.com\/wp-content\/uploads\/normand-gibson-traditium-canada-1250x733.jpg 1250w, https:\/\/traditium.agencedev.com\/wp-content\/uploads\/normand-gibson-traditium-canada-768x450.jpg 768w, https:\/\/traditium.agencedev.com\/wp-content\/uploads\/normand-gibson-traditium-canada-1536x900.jpg 1536w\" sizes=\"auto, (max-width: 2000px) 100vw, 2000px\" \/>\t\t\t\t\t\t<\/div>\n\t\t\t\t\t\t\t\t\t\t\t<div class=\"slide-image\">\n\t\t\t\t\t\t\t<img loading=\"lazy\" decoding=\"async\" width=\"1920\" height=\"1280\" src=\"https:\/\/traditium.agencedev.com\/wp-content\/uploads\/columbarium-flowers-traditium.jpg\" class=\"attachment-full size-full\" alt=\"Cemetery flowers and grave\" srcset=\"https:\/\/traditium.agencedev.com\/wp-content\/uploads\/columbarium-flowers-traditium.jpg 1920w, https:\/\/traditium.agencedev.com\/wp-content\/uploads\/columbarium-flowers-traditium-300x200.jpg 300w, https:\/\/traditium.agencedev.com\/wp-content\/uploads\/columbarium-flowers-traditium-1250x833.jpg 1250w, https:\/\/traditium.agencedev.com\/wp-content\/uploads\/columbarium-flowers-traditium-768x512.jpg 768w, https:\/\/traditium.agencedev.com\/wp-content\/uploads\/columbarium-flowers-traditium-1536x1024.jpg 1536w\" sizes=\"auto, (max-width: 1920px) 100vw, 1920px\" \/>\t\t\t\t\t\t<\/div>\n\t\t\t\t\t\t\t\t\t\t\t<div class=\"slide-image\">\n\t\t\t\t\t\t\t<img loading=\"lazy\" decoding=\"async\" width=\"2000\" height=\"1172\" src=\"https:\/\/traditium.agencedev.com\/wp-content\/uploads\/video-image-traditium.jpg\" class=\"attachment-full size-full\" alt=\"Traditium transport\" srcset=\"https:\/\/traditium.agencedev.com\/wp-content\/uploads\/video-image-traditium.jpg 2000w, https:\/\/traditium.agencedev.com\/wp-content\/uploads\/video-image-traditium-300x176.jpg 300w, https:\/\/traditium.agencedev.com\/wp-content\/uploads\/video-image-traditium-1250x733.jpg 1250w, https:\/\/traditium.agencedev.com\/wp-content\/uploads\/video-image-traditium-768x450.jpg 768w, https:\/\/traditium.agencedev.com\/wp-content\/uploads\/video-image-traditium-1536x900.jpg 1536w\" sizes=\"auto, (max-width: 2000px) 100vw, 2000px\" \/>\t\t\t\t\t\t<\/div>\n\t\t\t\t\t\t\t\t\t<\/div>\n\t\t\t\t\t<\/div>\n\t\n\n\t\t<\/div><\/div><\/div><\/div><div id=\"pg-1752-2\"  class=\"panel-grid panel-has-style\" ><div class=\"siteorigin-panels-stretch full background-display-auto panel-row-style panel-row-style-for-1752-2\" ><div id=\"pgc-1752-2-0\"  class=\"panel-grid-cell\" ><div id=\"panel-1752-2-0-0\" class=\"so-panel widget widget_traditium_video widget_video panel-first-child panel-last-child\" data-index=\"4\" >\n\t\t\t\t\t\t\t<div class=\"boxed widget_video-layout\">\n\t\t\t\t<div class=\"widget_video-container\">\n\t\t\t\t\t<div class=\"video-player\" data-video-id=\"olmyVN2E4lc\" data-video-start=\"0\" data-video-mute=\"0\">\n\t\t\t\t\t\t<div class=\"video-iframe-wrapper\">\n\t\t\t\t\t\t\t<div class=\"video-iframe\"><!-- 1. The <iframe> (and video player) will replace this <div> tag. --><\/div><!-- .video-player-iframe -->\n\t\t\t\t\t\t<\/div><!-- .video-iframe-wrapper -->\n\t\t\t\t\t\t<div class=\"video-thumbnail-wrapper\">\n\t\t\t\t\t\t\t<img decoding=\"async\" class=\"video-thumbnail\" src=\"\" alt=\"Video thumbnail\" \/>\n\t\t\t\t\t\t<\/div><!-- .video-thumbnail-wrapper -->\n\t\t\t\t\t\t<div class=\"video-overlay\">\n\t\t\t\t\t\t\t<div class=\"video-overlay-button\"><\/div>\n\t\t\t\t\t\t<\/div><!-- .video-overlay -->\n\t\t\t\t\t\t<div class=\"video-controller\"><\/div><!-- .video-controller -->\n\t\t\t\t\t<\/div><!-- .video-player -->\n\t\t\t\t<\/div>\n\t\t\t<\/div>\n\t\t\n\t\t<\/div><\/div><\/div><\/div><div id=\"pg-1752-3\"  class=\"panel-grid panel-has-style\" ><div class=\"background-gradient-top siteorigin-panels-stretch full background-display-auto panel-row-style panel-row-style-for-1752-3\" ><div id=\"pgc-1752-3-0\"  class=\"panel-grid-cell\" ><div class=\"boxed-wide-half-left panel-cell-style panel-cell-style-for-1752-3-0\" ><div id=\"panel-1752-3-0-0\" class=\"so-panel widget widget_traditium_image widget_image panel-first-child panel-last-child\" data-index=\"5\" ><div class=\"black-gradient-filter panel-widget-style panel-widget-style-for-1752-3-0-0\" >\n\t\t\t\t\t\t\t<img loading=\"lazy\" decoding=\"async\" width=\"1000\" height=\"1250\" src=\"https:\/\/traditium.agencedev.com\/wp-content\/uploads\/columbarium-traditium-1000x1250.jpg\" class=\"attachment-large size-large\" alt=\"Columbarium\" srcset=\"https:\/\/traditium.agencedev.com\/wp-content\/uploads\/columbarium-traditium-1000x1250.jpg 1000w, https:\/\/traditium.agencedev.com\/wp-content\/uploads\/columbarium-traditium-240x300.jpg 240w, https:\/\/traditium.agencedev.com\/wp-content\/uploads\/columbarium-traditium-768x960.jpg 768w, https:\/\/traditium.agencedev.com\/wp-content\/uploads\/columbarium-traditium-1228x1536.jpg 1228w, https:\/\/traditium.agencedev.com\/wp-content\/uploads\/columbarium-traditium.jpg 1250w\" sizes=\"auto, (max-width: 1000px) 100vw, 1000px\" \/>\t\t\n\t\t<\/div><\/div><\/div><\/div><div id=\"pgc-1752-3-1\"  class=\"panel-grid-cell\" ><div class=\"boxed-half-right panel-cell-style panel-cell-style-for-1752-3-1\" ><div id=\"panel-1752-3-1-0\" class=\"so-panel widget widget_traditium_texte_generique widget_texte_generique panel-first-child\" data-index=\"6\" ><div class=\"panel-widget-style panel-widget-style-for-1752-3-1-0\" >\n\t\t<div class=\"widget-container left\">\n\n\t\t\t\t\t\t\t\t\t\t\t\t\t\t<h3 class=\"h3 widget-title\">R\u00e9alisations<\/h3>\t\t\t\n\t\t\t\t\t\t\t\t\t\t<p class=\"font_8\">Tout nos columbariums sont munis d'un caisson central s\u00e9curitaire et \u00e9tanche et de coins d'art en aluminium ou en bronze massif.\u00a0 Le tout est recouvert de granite s\u00e9lectionn\u00e9 de la plus haute qualit\u00e9.<\/p>\n<p class=\"font_8\">Cet harmonieux m\u00e9lange d'art et de durabilit\u00e9 conf\u00e8re \u00e0 TRADITIUM\u2122 une signature unique en Am\u00e9rique du Nord et m\u00eame au-del\u00e0.<\/p>\n\t\t\t\n\t\t\t\t\t\t\t\t\t\t<a class=\"btn btn-primary\" href=\"https:\/\/www.traditiumcanada.com\/fr\/a-propos\/\" target=\"_self\" rel=\"noopener noreferrer\">\n\t\t\t\t\t\u00c0 propos\t\t\t\t<\/a>\n\t\t\t\n\t\t<\/div>\n\n\n\t\t<\/div><\/div><div id=\"panel-1752-3-1-1\" class=\"so-panel widget widget_traditium_image widget_image panel-last-child\" data-index=\"7\" ><div class=\"black-gradient-filter panel-widget-style panel-widget-style-for-1752-3-1-1\" >\n\t\t\t\t\t\t\t<img loading=\"lazy\" decoding=\"async\" width=\"1250\" height=\"833\" src=\"https:\/\/traditium.agencedev.com\/wp-content\/uploads\/columbarium-lexan-traditium-1250x833.jpg\" class=\"attachment-large size-large\" alt=\"\" srcset=\"https:\/\/traditium.agencedev.com\/wp-content\/uploads\/columbarium-lexan-traditium-1250x833.jpg 1250w, https:\/\/traditium.agencedev.com\/wp-content\/uploads\/columbarium-lexan-traditium-300x200.jpg 300w, https:\/\/traditium.agencedev.com\/wp-content\/uploads\/columbarium-lexan-traditium-768x512.jpg 768w, https:\/\/traditium.agencedev.com\/wp-content\/uploads\/columbarium-lexan-traditium-1536x1024.jpg 1536w, https:\/\/traditium.agencedev.com\/wp-content\/uploads\/columbarium-lexan-traditium.jpg 2000w\" sizes=\"auto, (max-width: 1250px) 100vw, 1250px\" \/>\t\t\n\t\t<\/div><\/div><\/div><\/div><\/div><\/div><div id=\"pg-1752-4\"  class=\"panel-grid panel-has-style\" ><div class=\"siteorigin-panels-stretch full background-display-auto panel-row-style panel-row-style-for-1752-4\" ><div id=\"pgc-1752-4-0\"  class=\"panel-grid-cell\" ><div id=\"panel-1752-4-0-0\" class=\"so-panel widget widget_traditium_sketchfab widget_sketchfab panel-first-child panel-last-child\" data-index=\"8\" >\n\t\t<div class=\"boxed widget_sketchfab-layout\">\n\t\t\t<div class=\"widget_sketchfab-container\">\n\t\t\t\t<div class=\"iframe-container\">\n\t\t\t\t\t\t\t\t\t\t\t\t\t\t\t\t<div class=\"sketchfab-embed-wrapper\"> <iframe title=\"Traditium 1 porte granit\" frameborder=\"0\" allowfullscreen mozallowfullscreen=\"true\" webkitallowfullscreen=\"true\" allow=\"autoplay; fullscreen; xr-spatial-tracking\" xr-spatial-tracking execution-while-out-of-viewport execution-while-not-rendered web-share src=\"https:\/\/sketchfab.com\/models\/b918e7246be64c9bb21707c653d217b6\/embed\"> <\/iframe> <\/div>\t\t\t\t\t\t\t\t\t<\/div>\n\t\t\t\n\t\t\t\t\t\t\t\t<div class=\"sketchfab-text-container\">\n\t\t\t\t\t\t\t\t\t\t\t<p>Petit 14&quot; | 1 porte - Mod\u00e8le standard Traditium<\/p>\n\t\t\t\t\t\t\t\t\t<\/div>\n\n\t\t\t\t\t\t\t\t<div class=\"btn-container center\">\n\t\t\t\t\t\t\t\t\t\t\t<a class=\"btn btn-primary\" href=\"https:\/\/www.traditiumcanada.com\/fr\/columbarium\/1-door\/\" target=\"_self\" rel=\"noopener noreferrer\">\n\t\t\t\t\t\t\tColumbariums 1 Porte\t\t\t\t\t\t<\/a>\n\t\t\t\t\t\t\t\t\t<\/div>\n\t\t\t<\/div>\n\t\t<\/div>\n\n\t\t<\/div><\/div><\/div><\/div><div id=\"pg-1752-5\"  class=\"panel-grid panel-has-style\" ><div class=\"background-gradient-top overflow-hidden siteorigin-panels-stretch full background-display-cover panel-row-style panel-row-style-for-1752-5\" ><div id=\"pgc-1752-5-0\"  class=\"panel-grid-cell\" ><div id=\"panel-1752-5-0-0\" class=\"so-panel widget widget_traditium_texte_generique widget_texte_generique panel-first-child panel-last-child\" data-index=\"9\" >\n\t\t<div class=\"widget-container center\">\n\n\t\t\t\t\t\t\t\t\t\t\t\t\t\t<h3 class=\"h3 widget-title\">Une entreprise en plein essor partout au canada et dans le monde<\/h3>\t\t\t\n\t\t\t\t\t\t\n\t\t\t\t\t\t\n\t\t<\/div>\n\n\n\t\t<\/div><\/div><\/div><\/div><div id=\"pg-1752-6\"  class=\"panel-grid panel-has-style\" ><div class=\"background-gradient-top overflow-hidden siteorigin-panels-stretch full background-display-auto panel-row-style panel-row-style-for-1752-6\" ><div id=\"pgc-1752-6-0\"  class=\"panel-grid-cell\" ><div id=\"panel-1752-6-0-0\" class=\"so-panel widget widget_sow-editor panel-first-child panel-last-child\" data-index=\"10\" ><div\n\t\t\t\n\t\t\tclass=\"so-widget-sow-editor so-widget-sow-editor-base\"\n\t\t\t\n\t\t>\n<div class=\"siteorigin-widget-tinymce textwidget\">\n\t<link rel='stylesheet' id='asl-plugin-css' href='https:\/\/traditium.agencedev.com\/wp-content\/plugins\/agile-store-locator\/public\/css\/asl.css?version=4.6.36' type='text\/css' media='all' \/>\n<style type=\"text\/css\">\n  #asl-storelocator.asl-p-cont .Status_filter .onoffswitch-inner::before {content: \"OUVRIR\" !important}\n  #asl-storelocator.asl-p-cont .Status_filter .onoffswitch-inner::after {content: \"ALL\" !important}\n  #asl-storelocator.container.storelocator-main.asl-p-cont .asl-loc-sec .asl-panel {order: 0;}\n<\/style>\n\n<div id=\"asl-storelocator\" class=\"container storelocator-main asl-p-cont asl-template-0 asl-layout-0 asl-bg-0 full-width no-asl-filters  asl-text-0\">\n      <div class=\"row asl-loc-sec\">\n    <div class=\"col-sm-8 col-xs-12 asl-map\">\n      <div class=\"store-locator\">\n        <div id=\"asl-map-canv\"><\/div>\n        <!-- agile-modal -->\n        <div id=\"agile-modal-direction\" class=\"agile-modal fade\">\n          <div class=\"agile-modal-backdrop-in\"><\/div>\n          <div class=\"agile-modal-dialog in\">\n            <div class=\"agile-modal-content\">\n              <div class=\"agile-modal-header\">\n                <button type=\"button\" class=\"close-directions close\" data-dismiss=\"agile-modal\" aria-label=\"Close\"><span aria-hidden=\"true\">&times;<\/span><\/button>\n                <h4>Get Your Directions<\/h4>\n              <\/div>\n              <div class=\"form-group\">\n                <label for=\"frm-lbl\">De:<\/label>\n                <input type=\"text\" class=\"form-control frm-place\" id=\"frm-lbl\" placeholder=\"Saisissez un lieu\">\n              <\/div>\n              <div class=\"form-group\">\n                <label for=\"frm-lbl\">\u00c0:<\/label>\n                <input readonly=\"true\" type=\"text\"  class=\"directions-to form-control\" id=\"to-lbl\" placeholder=\"Prepopulated Destination Address\">\n              <\/div>\n              <div class=\"form-group\">\n                <span for=\"frm-lbl\">Afficher Distance Dans<\/span>\n                <label class=\"checkbox-inline\">\n                  <input type=\"radio\" name=\"dist-type\"  id=\"rbtn-km\" value=\"0\"> KM                <\/label>\n                <label class=\"checkbox-inline\">\n                  <input type=\"radio\" name=\"dist-type\" checked id=\"rbtn-mile\" value=\"1\"> Mile                <\/label>\n              <\/div>\n              <div class=\"form-group\">\n                <button type=\"submit\" class=\"btn btn-default btn-submit\">OBTENIR DES DIRECTIONS<\/button>\n              <\/div>\n            <\/div>\n          <\/div>\n        <\/div>\n\n        <div id=\"asl-geolocation-agile-modal\" class=\"agile-modal fade\">\n          <div class=\"agile-modal-backdrop-in\"><\/div>\n          <div class=\"agile-modal-dialog in\">\n            <div class=\"agile-modal-content\">\n              <button type=\"button\" class=\"close-directions close\" data-dismiss=\"agile-modal\" aria-label=\"Close\"><span aria-hidden=\"true\">&times;<\/span><\/button>\n                            <div class=\"form-group\">\n                <h4>Utiliser mon emplacement pour trouver le fournisseur de services le plus pr\u00e8s de moi<\/h4>\n              <\/div>\n              <div class=\"form-group text-center\">\n                <button type=\"button\" id=\"asl-btn-geolocation\" class=\"btn btn-block btn-default\">UTILISATION LOCATION<\/button>\n              <\/div>\n                          <\/div>\n          <\/div>\n        <\/div>\n        <!-- agile-modal end -->\n      <\/div>\n    <\/div>\n    <div class=\"col-sm-4 col-xs-12 asl-panel\">\n          \n      <div class=\"col-xs-12 inside search_filter\">\n        <p>Chercher Location<\/p>\n        <div class=\"asl-store-search\">\n            <input type=\"text\" value=\"\" id=\"auto-complete-search\" class=\"asl-search-address form-control\" placeholder=\"Saisissez un lieu\">\n            <span class=\"span-geo\"><i class=\"glyphicon asl-geo icon-direction-outline\" title=\"Localisation actuelle\"><\/i><\/span>\n        <\/div>\n        <div class=\"Num_of_store\">\n          <span>Traditium: <span class=\"count-result\">0<\/span><\/span>\n          <a class=\"asl-print-btn\"><span>PRINT<\/span><span class=\"asl-print\"><\/span><\/a>\n        <\/div>    \n      <\/div>\n            <!--  Panel Listing -->\n      <div id=\"asl-list\" class=\"storelocator-panel\">\n        \n        <div class=\"asl-overlay\" id=\"map-loading\">\n          <div class=\"white\"><\/div>\n          <div class=\"loading\"><img decoding=\"async\" style=\"margin-right: 10px;\" class=\"loader\" src=\"https:\/\/traditium.agencedev.com\/wp-content\/plugins\/agile-store-locator\/public\/Logo\/loading.gif\">Chargement...<\/div>\n        <\/div>\n        <div class=\"panel-cont\">\n            <div class=\"panel-inner\">\n              <div class=\"col-md-12 asl-p-0\">\n                  <ul id=\"p-statelist\"  role=\"tablist\" aria-multiselectable=\"true\">\n                  <\/ul>\n              <\/div>\n            <\/div>\n        <\/div>\n        <div class=\"directions-cont hide\">\n          <div class=\"agile-modal-header\">\n            <button type=\"button\" class=\"close\"><span aria-hidden=\"true\">&times;<\/span><\/button>\n            <h4>Directions<\/h4>\n          <\/div>\n          <div class=\"rendered-directions\"><\/div>\n        <\/div>\n      <\/div>\n    <\/div> \n  <\/div>\n<\/div>\n<!-- This plugin is developed by \"Agile Store Locator by WordPress\" https:\/\/agilestorelocator.com -->\n\n<script id=\"tmpl_list_item\" type=\"text\/x-jsrender\">\n  <div class=\"sl-item\" data-id=\"{{:id}}\">\n    <div class=\"addr-sec\">\n      <p class=\"p-title\">{{:title}}<\/p>\n    <\/div>\n    <div class=\"row\">\n      <div class=\"{{if path}}col-md-9 col-xs-9{{else}}col-md-12{{\/if}} addr-sec\">\n        <p class=\"p-area\"><span class=\"glyphicon icon-location\"><\/span><span>{{:address}}<\/span><\/p>\n        {{if phone}}\n          <p class=\"p-area\"><span class=\"glyphicon icon-phone-outline\"><\/span><a href=\"tel:{{:phone}}\">{{:phone}}<\/a><\/p>\n        {{\/if}}\n        {{if email}}\n        <p class=\"p-area\"><span class=\"glyphicon icon-at\"><\/span><a href=\"mailto:{{:email}}\" style=\"text-transform: lowercase\">{{:email}}<\/a><\/p>\n        {{\/if}}\n        {{if fax}}\n          <p class=\"p-area\"><span class=\"glyphicon icon-fax\"><\/span> Fax:{{:fax}}<\/p>\n        {{\/if}}\n        {{if c_names}}\n        <p class=\"p-area\"><span class=\"glyphicon icon-tag\"><\/span> {{:c_names}}<\/p>\n        {{\/if}}\n        {{if open_hours}}\n        <p class=\"p-area\"><span class=\"glyphicon icon-clock-1\"><\/span> {{:open_hours}}<\/p>\n        {{\/if}}\n      <\/div>\n      {{if path}}\n      <div class=\"col-md-3 col-xs-3 sm-pl-0\">\n        <div class=\"thumb-a\">\n            <img decoding=\"async\" src=\"https:\/\/traditium.agencedev.com\/wp-content\/uploads\/agile-store-locator\/Logo\/{{:path}}\" alt=\"logo\">\n        <\/div>\n      <\/div>\n      {{\/if}}\n    <\/div>\n    <div class=\"row mt-10\">\n        <div class=\"col-xs-6\">\n          <div class=\"p-direction\"><button type=\"button\" class=\"btn btn-asl s-direction\">Directions<\/button><\/div>\n        <\/div>\n        {{if dist_str}}\n        <div class=\"col-xs-6\">\n            <span class=\"s-distance\">{{:dist_str}}<\/span>\n        <\/div>\n        {{\/if}}\n    <\/div>\n  <\/div>\n<\/script>\n<script id=\"asl_too_tip\" type=\"text\/x-jsrender\">\n{{if path}}\n<div class=\"image_map_popup\" style=\"display:none\"><img decoding=\"async\" src=\"{{:URL}}Logo\/{{:path}}\" \/><\/div>\n{{\/if}}\n  <h3>{{:title}}<\/h3>\n  <div class=\"infowindowContent\">\n    <div class=\"info-box-cont\">\n      <div class=\"row\">\n        <div class=\"col-md-12\">\n          <div class=\"{{if path}}info-addr{{else}}info-addr w-100-p{{\/if}}\">\n            <div class=\"address\"><span class=\"glyphicon icon-location\"><\/span><span>{{:address}}<\/span><\/div>\n            {{if phone}}\n            <div class=\"phone\"><span class=\"glyphicon icon-phone-outline\"><\/span><a href=\"tel:{{:phone}}\">{{:phone}}<\/a><\/div>\n            {{\/if}}\n            {{if email}}\n            <div class=\"p-time\"><span class=\"glyphicon icon-at\"><\/span><a href=\"mailto:{{:email}}\" style=\"text-transform: lowercase\">{{:email}}<\/a><\/div>\n            {{\/if}}\n          <\/div>\n          {{if path}}\n          <div class=\"img_box\" style=\"display:none\">\n            <img decoding=\"async\" src=\"{{:URL}}Logo\/{{:path}}\" alt=\"logo\">\n          <\/div>\n          {{\/if}}\n        <\/div>\n      <\/div>\n      <div class=\"row\">\n        <div class=\"col-md-12 asl-tt-details\">\n          {{if dist_str}}\n          <div class=\"distance\">Distance: {{:dist_str}}<\/div>\n          {{\/if}}\n        <\/div>\n      <\/div>\n    <\/div>\n  <div class=\"asl-buttons\"><\/div>\n<\/div><div class=\"arrow-down\"><\/div>\n<\/script>\n\n<\/div>\n<\/div><\/div><\/div><\/div><\/div><\/div>","protected":false},"excerpt":{"rendered":"<p>\u00c0 propos de Traditium Issu de nombreuses ann\u00e9es de recherche et d\u00e9veloppement et n\u00e9cessitant la collaboration d&#8217;une \u00e9quipe d&#8217;artistes, d&#8217;artisans et d&#8217;ing\u00e9nieurs,\u00a0\u00a0TRADITIUM\u2122 est n\u00e9.\u00a0 La gamme de produits r\u00e9pond parfaitement \u00e0 la mission de d\u00e9part que nous nous \u00e9tions fix\u00e9. Durabilit\u00e9, \u00e9tanch\u00e9it\u00e9, s\u00e9curit\u00e9 et signature artistique unique font de TRADITIUM\u2122 le meilleur produit de columbarium [&hellip;]<\/p>\n","protected":false},"author":9,"featured_media":0,"parent":0,"menu_order":6,"comment_status":"closed","ping_status":"closed","template":"","meta":{"_acf_changed":false,"footnotes":""},"class_list":["post-1752","page","type-page","status-publish","hentry"],"acf":[],"_links":{"self":[{"href":"https:\/\/traditium.agencedev.com\/fr\/wp-json\/wp\/v2\/pages\/1752","targetHints":{"allow":["GET"]}}],"collection":[{"href":"https:\/\/traditium.agencedev.com\/fr\/wp-json\/wp\/v2\/pages"}],"about":[{"href":"https:\/\/traditium.agencedev.com\/fr\/wp-json\/wp\/v2\/types\/page"}],"author":[{"embeddable":true,"href":"https:\/\/traditium.agencedev.com\/fr\/wp-json\/wp\/v2\/users\/9"}],"replies":[{"embeddable":true,"href":"https:\/\/traditium.agencedev.com\/fr\/wp-json\/wp\/v2\/comments?post=1752"}],"version-history":[{"count":12,"href":"https:\/\/traditium.agencedev.com\/fr\/wp-json\/wp\/v2\/pages\/1752\/revisions"}],"predecessor-version":[{"id":3376,"href":"https:\/\/traditium.agencedev.com\/fr\/wp-json\/wp\/v2\/pages\/1752\/revisions\/3376"}],"wp:attachment":[{"href":"https:\/\/traditium.agencedev.com\/fr\/wp-json\/wp\/v2\/media?parent=1752"}],"curies":[{"name":"wp","href":"https:\/\/api.w.org\/{rel}","templated":true}]}}