{"id":1800,"date":"2021-10-12T11:50:19","date_gmt":"2021-10-12T15:50:19","guid":{"rendered":"https:\/\/www.traditiumcanada.com\/columbariums\/"},"modified":"2025-01-10T14:18:18","modified_gmt":"2025-01-10T19:18:18","slug":"columbariums","status":"publish","type":"page","link":"https:\/\/traditium.agencedev.com\/fr\/columbariums\/","title":{"rendered":"Columbariums"},"content":{"rendered":"<div id=\"pl-1800\"  class=\"panel-layout\" ><div id=\"pg-1800-0\"  class=\"panel-grid panel-has-style\" ><div class=\"background-gradient-top siteorigin-panels-stretch full background-display-auto panel-row-style panel-row-style-for-1800-0\" id=\"intro-columbariums-page\" ><div id=\"pgc-1800-0-0\"  class=\"panel-grid-cell\" ><div class=\"boxed-wide-half-left panel-cell-style panel-cell-style-for-1800-0-0\" ><div id=\"panel-1800-0-0-0\" class=\"so-panel widget widget_traditium_image widget_image panel-first-child\" data-index=\"0\" >\n\t\t\t\t\t\t\t<img loading=\"lazy\" decoding=\"async\" width=\"1250\" height=\"833\" src=\"https:\/\/traditium.agencedev.com\/wp-content\/uploads\/columbarium-lexan-traditium-1250x833.jpg\" class=\"attachment-large size-large\" alt=\"\" srcset=\"https:\/\/traditium.agencedev.com\/wp-content\/uploads\/columbarium-lexan-traditium-1250x833.jpg 1250w, https:\/\/traditium.agencedev.com\/wp-content\/uploads\/columbarium-lexan-traditium-300x200.jpg 300w, https:\/\/traditium.agencedev.com\/wp-content\/uploads\/columbarium-lexan-traditium-768x512.jpg 768w, https:\/\/traditium.agencedev.com\/wp-content\/uploads\/columbarium-lexan-traditium-1536x1024.jpg 1536w, https:\/\/traditium.agencedev.com\/wp-content\/uploads\/columbarium-lexan-traditium.jpg 2000w\" sizes=\"auto, (max-width: 1250px) 100vw, 1250px\" \/>\t\t\n\t\t<\/div><div id=\"panel-1800-0-0-1\" class=\"so-panel widget widget_traditium_image widget_image panel-last-child\" data-index=\"1\" ><div class=\"panel-widget-style panel-widget-style-for-1800-0-0-1\" >\n\t\t\t\t\t\t\t<img loading=\"lazy\" decoding=\"async\" width=\"388\" height=\"280\" src=\"https:\/\/traditium.agencedev.com\/wp-content\/uploads\/traditium-icon.svg\" class=\"attachment-large size-large\" alt=\"Traditium icon\" \/>\t\t\n\t\t<\/div><\/div><\/div><\/div><div id=\"pgc-1800-0-1\"  class=\"panel-grid-cell\" ><div class=\"boxed-half-right panel-cell-style panel-cell-style-for-1800-0-1\" ><div id=\"panel-1800-0-1-0\" class=\"so-panel widget widget_traditium_texte_generique widget_texte_generique panel-first-child panel-last-child\" data-index=\"2\" >\n\t\t<div class=\"widget-container left\">\n\n\t\t\t\t\t\t\t\t\t\t\t\t\t\t<h3 class=\"h3 widget-title\">Nos produits<\/h3>\t\t\t\n\t\t\t\t\t\t\t\t\t\t<p>Appel\u00e9 TRADITIUM\u2122, cette nouvelle g\u00e9n\u00e9ration de monuments se veut une alternative personnalis\u00e9e, durable, \u00e9tanche et s\u00e9curitaire pour disposer des cendres de l'\u00eatre cher. Le monument s'installe sur un lot au cimeti\u00e8re, les cendres y sont ins\u00e9r\u00e9es \u00e0 l'int\u00e9rieur et le tout est scell\u00e9 gr\u00e2ce \u00e0 un syst\u00e8me de verrouillage ultra-s\u00e9curitaire TRADITIUM\u2122.<\/p>\n<p>Tous les produits TRADITIUM\u2122 sont prot\u00e9g\u00e9s par les droits d'auteurs et marque de commerce, brevets et dessins industriels.<\/p>\n\t\t\t\n\t\t\t\t\t\t\t\t\t\t<a class=\"btn btn-primary\" href=\"https:\/\/traditium.agencedev.com\/wp-content\/uploads\/trad-catalogue-2024-fr-web.pdf\" target=\"_blank\" rel=\"noopener noreferrer\">\n\t\t\t\t\tCatalogue de produits\t\t\t\t<\/a>\n\t\t\t\n\t\t<\/div>\n\n\n\t\t<\/div><\/div><\/div><\/div><\/div><div id=\"pg-1800-1\"  class=\"panel-grid panel-has-style\" ><div class=\"siteorigin-panels-stretch full background-display-auto panel-row-style panel-row-style-for-1800-1\" ><div id=\"pgc-1800-1-0\"  class=\"panel-grid-cell\" ><div id=\"panel-1800-1-0-0\" class=\"so-panel widget widget_traditium_all_columbariums widget_all-columbariums panel-first-child panel-last-child\" data-index=\"3\" >\n\t\t                    <div class=\"full overflow-hidden\">\n\t\t\t\t<div class=\"layout-flex justify-content-center align-items-flex-end\">\n\t\t\t\t\t\t\t\t\t\t\t\t\t\t\t\t\t<a href=\"https:\/\/traditium.agencedev.com\/fr\/columbarium\/1-door\/\" id=\"post-1778\">\n\t\t\t\t\t\t\t<div class=\"item-content layout-flex flex-direction-column-reverse align-items-center\">\n\t\t\t\t\t\t\t\t<h4 class=\"columbarium-title\">1 Porte<\/h4>\n\t\t\t\t\t\t\t\t\t\t\t\t\t\t\t\t\n\t\t\t\t\t\t\t\t\t\t\t\t\t\t\t\t\t<div class=\"columbarium-icon\">\n\t\t\t\t\t\t\t\t\t\t<?xml version=\"1.0\" encoding=\"UTF-8\"?> <svg xmlns=\"http:\/\/www.w3.org\/2000\/svg\" viewBox=\"0 0 100.3 141.8\"><path stroke-width=\"1px\" stroke=\"none\" d=\"M93.5,118.5v-6.1H89.6V32.5h3.9V20.4L89.3,18H11L6.8,20.4V32.5h3.9v79.9H6.8v6.1H0v23.3H100.3V118.5ZM88.8,35.7H84.9v.8h3.9v71.9H84.9v.8h3.9v3.2H82.6V32.5h6.2ZM18.4,32.5H81.8v79.9H18.4ZM7.6,31.7V20.8l3.6-2.1h78l3.6,2.1V31.7H7.6Zm3.8,77.4h3.9v-.8H11.4V36.5h3.9v-.8H11.4V32.5h6.2v79.9H11.4Zm-3.8,4H92.8v5.3H7.6ZM99.5,141H.8V119.3H99.5Z\" fill=\"currentColor\"><\/path><path stroke-width=\"1px\" stroke=\"none\" d=\"M50.1,68.4a4.1,4.1,0,1,0,4.1,4.1A4.06,4.06,0,0,0,50.1,68.4Zm0,7.3a3.3,3.3,0,1,1,3.3-3.3A3.27,3.27,0,0,1,50.1,75.7Z\" fill=\"currentColor\"><\/path><path stroke-width=\"1px\" stroke=\"none\" d=\"M50.1,70.8a1.6,1.6,0,1,0,1.6,1.6A1.52,1.52,0,0,0,50.1,70.8Zm0,2.5a.8.8,0,1,1,0-1.6c.4,0,.9.3.9.7A.9.9,0,0,1,50.1,73.3Z\" fill=\"currentColor\"><\/path><rect stroke-width=\"1px\" stroke=\"none\" x=\"11.6\" y=\"20.4\" width=\"77.1\" height=\"0.8\" fill=\"currentColor\"><\/rect><\/svg> \t\t\t\t\t\t\t\t\t\t\t\t\t\t\t\t\t\t\t\t\t<div class=\"columbarium-banner\">Transportable<\/div>\t\t\t\t\t\t\t\t\t\t\t\t\t\t\t\t\t\t\t<\/div>\n\t\t\t\t\t\t\t\t\t\t\t\t\t\t\t<\/div>\n\t\t\t\t\t\t<\/a><!-- #post-1778 -->\n\n\t\t\t\t\t\t\t\t\t\t\t\t\t\t\t\t\t<a href=\"https:\/\/traditium.agencedev.com\/fr\/columbarium\/1-porte-avec-demi-serpentin\/\" id=\"post-1845\">\n\t\t\t\t\t\t\t<div class=\"item-content layout-flex flex-direction-column-reverse align-items-center\">\n\t\t\t\t\t\t\t\t<h4 class=\"columbarium-title\">1 Porte avec demi-serpentin<\/h4>\n\t\t\t\t\t\t\t\t\t\t\t\t\t\t\t\t\n\t\t\t\t\t\t\t\t\t\t\t\t\t\t\t\t\t<div class=\"columbarium-icon\">\n\t\t\t\t\t\t\t\t\t\t<?xml version=\"1.0\" encoding=\"UTF-8\"?> <svg xmlns=\"http:\/\/www.w3.org\/2000\/svg\" viewBox=\"0 0 191.1 141.8\"><path stroke-width=\"1px\" stroke=\"none\" fill=\"currentColor\" d=\"M184.8,118.5v-6.1H173.2V44.5h-.4c-.2,0-19.4.7-34-5.3a98.34,98.34,0,0,0-34.2-7.5V20.4L100.4,18H22.1l-4.2,2.4V32.5h3.9v79.9H6.8v6.1H0v23.3H191.1V118.5ZM138.5,39.9c13.6,5.6,31.1,5.5,34,5.4v67H100.8V32.5h3.9A98.7,98.7,0,0,1,138.5,39.9Zm-109-7.4H93v79.9H29.5Zm64.2,0h6.2v3.2H96v.8h3.9v71.9H96v.8h3.9v3.2H93.7Zm-75-.8V20.8l3.6-2.1h78l3.6,2.1V31.6H18.7Zm3.9,77.4h3.9v-.8H22.6V36.5h3.9v-.8H22.6V32.5h6.2v79.9H22.6Zm-15,4H184v5.3H7.6ZM190.4,141H.8V119.3H190.4V141Z\"><\/path><path stroke-width=\"1px\" stroke=\"none\" fill=\"currentColor\" d=\"M61.3,68.4a4.1,4.1,0,0,0,0,8.2,4.06,4.06,0,0,0,4.1-4.1A4.18,4.18,0,0,0,61.3,68.4Zm0,7.3a3.3,3.3,0,1,1,3.3-3.3A3.33,3.33,0,0,1,61.3,75.7Z\"><\/path><path stroke-width=\"1px\" stroke=\"none\" fill=\"currentColor\" d=\"M61.3,70.8a1.6,1.6,0,1,0,1.6,1.6A1.58,1.58,0,0,0,61.3,70.8Zm0,2.5a.8.8,0,1,1,.8-.8A.86.86,0,0,1,61.3,73.3Z\"><\/path><rect stroke-width=\"1px\" stroke=\"none\" fill=\"currentColor\" x=\"22.7\" y=\"20.4\" width=\"77.1\" height=\"0.8\"><\/rect><path stroke-width=\"1px\" stroke=\"none\" fill=\"currentColor\" d=\"M104.1,36.5a85.28,85.28,0,0,1,34.2,7.2c11.5,5,26.3,5.3,30,5.3h.9v-.8c-.2,0-17.5.4-30.5-5.2a85,85,0,0,0-34.5-7.2Z\"><\/path><\/svg> \t\t\t\t\t\t\t\t\t\t\t\t\t\t\t\t\t\t\t<\/div>\n\t\t\t\t\t\t\t\t\t\t\t\t\t\t\t<\/div>\n\t\t\t\t\t\t<\/a><!-- #post-1845 -->\n\n\t\t\t\t\t\t\t\t\t\t\t\t\t\t\t\t\t<a href=\"https:\/\/traditium.agencedev.com\/fr\/columbarium\/2-portes\/\" id=\"post-1847\">\n\t\t\t\t\t\t\t<div class=\"item-content layout-flex flex-direction-column-reverse align-items-center\">\n\t\t\t\t\t\t\t\t<h4 class=\"columbarium-title\">2 Portes<\/h4>\n\t\t\t\t\t\t\t\t\t\t\t\t\t\t\t\t\n\t\t\t\t\t\t\t\t\t\t\t\t\t\t\t\t\t<div class=\"columbarium-icon\">\n\t\t\t\t\t\t\t\t\t\t<?xml version=\"1.0\" encoding=\"UTF-8\"?> <svg xmlns=\"http:\/\/www.w3.org\/2000\/svg\" viewBox=\"0 0 229.8 141.8\"><path stroke-width=\"1px\" stroke=\"none\" fill=\"currentColor\" d=\"M223.1,118.5v-6.1H209.3V32.5h4.1V20.4L209.2,18H20.6l-4.2,2.4V32.5h3.9v79.9H6.8v6.1H0v23.3H229.8V118.5ZM208.5,35.7h-3.9v.8h3.9v71.9h-3.9v.8h3.9v3.2h-6.2V32.5h6.2ZM28.1,32.5h86.3v79.9H28.1Zm87.1,0h86.3v79.9H115.2Zm-98-.8V20.8l3.6-2.1H209l3.6,2.1V31.7H17.2Zm3.9,77.4H25v-.8H21.1V36.5H25v-.8H21.1V32.5h6.2v79.9H21.1Zm-13.6,4H222.3v5.3H7.5ZM229.1,141H.8V119.3H229.1Z\"><\/path><path stroke-width=\"1px\" stroke=\"none\" fill=\"currentColor\" d=\"M71.2,68.4a4.1,4.1,0,1,0,4.1,4.1A4.06,4.06,0,0,0,71.2,68.4Zm0,7.3a3.3,3.3,0,1,1,3.3-3.3A3.27,3.27,0,0,1,71.2,75.7Z\"><\/path><path stroke-width=\"1px\" stroke=\"none\" fill=\"currentColor\" d=\"M71.2,70.8a1.6,1.6,0,1,0,1.6,1.6A1.52,1.52,0,0,0,71.2,70.8Zm0,2.5a.8.8,0,1,1,.8-.8C72.1,72.9,71.7,73.3,71.2,73.3Z\"><\/path><path stroke-width=\"1px\" stroke=\"none\" fill=\"currentColor\" d=\"M158.3,68.4a4.1,4.1,0,1,0,4.1,4.1A4.06,4.06,0,0,0,158.3,68.4Zm0,7.3a3.3,3.3,0,1,1,3.3-3.3A3.27,3.27,0,0,1,158.3,75.7Z\"><\/path><path stroke-width=\"1px\" stroke=\"none\" fill=\"currentColor\" d=\"M158.3,70.8a1.6,1.6,0,1,0,1.6,1.6A1.52,1.52,0,0,0,158.3,70.8Zm0,2.5a.8.8,0,1,1,.8-.8C159.2,72.9,158.8,73.3,158.3,73.3Z\"><\/path><rect stroke-width=\"1px\" stroke=\"none\" fill=\"currentColor\" x=\"21.2\" y=\"20.4\" width=\"187.7\" height=\"0.8\"><\/rect><\/svg> \t\t\t\t\t\t\t\t\t\t\t\t\t\t\t\t\t\t\t<\/div>\n\t\t\t\t\t\t\t\t\t\t\t\t\t\t\t<\/div>\n\t\t\t\t\t\t<\/a><!-- #post-1847 -->\n\n\t\t\t\t\t\t\t\t\t\t\t\t\t\t\t\t\t<a href=\"https:\/\/traditium.agencedev.com\/fr\/columbarium\/3-portes\/\" id=\"post-1848\">\n\t\t\t\t\t\t\t<div class=\"item-content layout-flex flex-direction-column-reverse align-items-center\">\n\t\t\t\t\t\t\t\t<h4 class=\"columbarium-title\">3 Portes<\/h4>\n\t\t\t\t\t\t\t\t\t\t\t\t\t\t\t\t\n\t\t\t\t\t\t\t\t\t\t\t\t\t\t\t\t\t<div class=\"columbarium-icon\">\n\t\t\t\t\t\t\t\t\t\t<?xml version=\"1.0\" encoding=\"UTF-8\"?> <svg xmlns=\"http:\/\/www.w3.org\/2000\/svg\" viewBox=\"0 0 314.2 141.8\"><path stroke-width=\"1px\" stroke=\"none\" fill=\"currentColor\" d=\"M307.5,118.5v-6.1H295.2V32.5h3.9V20.4L294.9,18H19.4l-4.2,2.4V32.5h3.9v79.9H6.8v6.1H0v23.3H314.2V118.5ZM294.4,35.7h-3.9v.8h3.9v71.9h-3.9v.8h3.9v3.2h-6.2V32.5h6.2ZM26.8,32.5h86.3v79.9H26.8Zm87.1,0h86.3v79.9H113.9Zm87.2,0h86.3v79.9H201.1V32.5ZM16,31.7V20.8l3.6-2.1H294.7l3.6,2.1V31.7H16Zm3.9,77.4h3.9v-.8H19.9V36.5h3.9v-.8H19.9V32.5h6.2v79.9H19.9Zm-12.4,4H306.8v5.3H7.5Zm306,27.9H.8V119.3H313.5Z\"><\/path><path stroke-width=\"1px\" stroke=\"none\" fill=\"currentColor\" d=\"M70,68.4a4.1,4.1,0,0,0,0,8.2,4.1,4.1,0,0,0,0-8.2Zm0,7.3a3.3,3.3,0,1,1,3.3-3.3A3.33,3.33,0,0,1,70,75.7Z\"><\/path><path stroke-width=\"1px\" stroke=\"none\" fill=\"currentColor\" d=\"M70,70.8a1.6,1.6,0,1,0,1.6,1.6A1.58,1.58,0,0,0,70,70.8Zm0,2.5a.8.8,0,1,1,.8-.8C70.9,72.9,70.5,73.3,70,73.3Z\"><\/path><path stroke-width=\"1px\" stroke=\"none\" fill=\"currentColor\" d=\"M157.1,68.4a4.1,4.1,0,1,0,4.1,4.1A4.06,4.06,0,0,0,157.1,68.4Zm0,7.3a3.3,3.3,0,1,1,3.3-3.3A3.33,3.33,0,0,1,157.1,75.7Z\"><\/path><path stroke-width=\"1px\" stroke=\"none\" fill=\"currentColor\" d=\"M157.1,70.8a1.6,1.6,0,1,0,1.6,1.6A1.58,1.58,0,0,0,157.1,70.8Zm0,2.5a.8.8,0,1,1,.8-.8C158,72.9,157.6,73.3,157.1,73.3Z\"><\/path><path stroke-width=\"1px\" stroke=\"none\" fill=\"currentColor\" d=\"M244.2,68.4a4.1,4.1,0,1,0,4.1,4.1A4.06,4.06,0,0,0,244.2,68.4Zm0,7.3a3.3,3.3,0,1,1,3.3-3.3A3.33,3.33,0,0,1,244.2,75.7Z\"><\/path><path stroke-width=\"1px\" stroke=\"none\" fill=\"currentColor\" d=\"M244.2,70.8a1.6,1.6,0,1,0,1.6,1.6A1.58,1.58,0,0,0,244.2,70.8Zm0,2.5a.8.8,0,1,1,.8-.8C245.1,72.9,244.7,73.3,244.2,73.3Z\"><\/path><rect stroke-width=\"1px\" stroke=\"none\" fill=\"currentColor\" x=\"20\" y=\"20.4\" width=\"274.8\" height=\"0.8\"><\/rect><\/svg> \t\t\t\t\t\t\t\t\t\t\t\t\t\t\t\t\t\t\t<\/div>\n\t\t\t\t\t\t\t\t\t\t\t\t\t\t\t<\/div>\n\t\t\t\t\t\t<\/a><!-- #post-1848 -->\n\n\t\t\t\t\t\t\t\t\t\t\t\t\t\t\t\t\t<a href=\"https:\/\/traditium.agencedev.com\/fr\/columbarium\/collection-prestige\/\" id=\"post-1851\">\n\t\t\t\t\t\t\t<div class=\"item-content layout-flex flex-direction-column-reverse align-items-center\">\n\t\t\t\t\t\t\t\t<h4 class=\"columbarium-title\">Collection Prestige<\/h4>\n\t\t\t\t\t\t\t\t\t\t\t\t\t\t\t\t\n\t\t\t\t\t\t\t\t\t\t\t\t\t\t\t\t\t<div class=\"columbarium-icon\">\n\t\t\t\t\t\t\t\t\t\t<?xml version=\"1.0\" encoding=\"UTF-8\"?> <svg xmlns=\"http:\/\/www.w3.org\/2000\/svg\" viewBox=\"0 0 158.2 141.8\"><path stroke-width=\"1px\" stroke=\"none\" fill=\"currentColor\" d=\"M78.5,68.3a4.1,4.1,0,0,0,0,8.2,4.12,4.12,0,0,0,4.1-4.1A4.06,4.06,0,0,0,78.5,68.3Zm0,7.4a3.3,3.3,0,1,1,3.3-3.3A3.33,3.33,0,0,1,78.5,75.7Z\"><\/path><path stroke-width=\"1px\" stroke=\"none\" fill=\"currentColor\" d=\"M78.5,70.7a1.6,1.6,0,1,0,1.6,1.6A1.64,1.64,0,0,0,78.5,70.7Zm0,2.5a.9.9,0,0,1-.9-.9.82.82,0,0,1,.9-.8.79.79,0,0,1,.8.8A.77.77,0,0,1,78.5,73.2Z\"><\/path><path stroke-width=\"1px\" stroke=\"none\" fill=\"currentColor\" d=\"M95.7,33.4H93.3v6.1h1V37.3h1.5a2,2,0,0,0,1.5-.6,1.93,1.93,0,0,0,0-2.8A3,3,0,0,0,95.7,33.4Zm.8,2.8a1.14,1.14,0,0,1-.8.3H94.2V34.3h1.5a1,1,0,0,1,1.1,1.1A1.33,1.33,0,0,1,96.5,36.2Z\"><\/path><path stroke-width=\"1px\" stroke=\"none\" fill=\"currentColor\" d=\"M103.4,37c.1,0,.2-.1.3-.2a1.38,1.38,0,0,1,.4-.3,2.19,2.19,0,0,0,.3-.5,1.7,1.7,0,0,0,.1-.7,1.61,1.61,0,0,0-.6-1.3,1.74,1.74,0,0,0-1.4-.5H100v6.1h1V37.2h1.4l1.3,2.4h1l-1.4-2.4Zm-.8-.7H101v-2h1.6a1,1,0,0,1,0,2Z\"><\/path><polygon stroke-width=\"1px\" stroke=\"none\" fill=\"currentColor\" points=\"107.9 36.8 110.6 36.8 110.6 35.9 107.9 35.9 107.9 34.3 111.3 34.3 111.3 33.4 107 33.4 107 39.5 111.4 39.5 111.4 38.6 107.9 38.6 107.9 36.8\"><\/polygon><path stroke-width=\"1px\" stroke=\"none\" fill=\"currentColor\" d=\"M116.8,36.5l-.6-.3a1.85,1.85,0,0,0-.7-.2c-.2-.1-.4-.1-.6-.2s-.3-.2-.5-.3a.76.76,0,0,1-.2-.5.55.55,0,0,1,.3-.5c.2-.2.4-.2.8-.2.2,0,.3,0,.4.1a1,1,0,0,1,.3.1.22.22,0,0,1,.2.2l.1.1v.1l.6-.6.1-.3c0-.1-.1-.1-.2-.2a.52.52,0,0,0-.4-.2c-.1-.1-.3-.1-.5-.2a1.48,1.48,0,0,0-.7-.1,2.46,2.46,0,0,0-1.5.5,1.35,1.35,0,0,0-.5,1.2,1.88,1.88,0,0,0,.2.8,1.21,1.21,0,0,0,.5.5l.6.3a1.85,1.85,0,0,0,.7.2c.2.1.4.1.6.2s.3.2.5.3a.76.76,0,0,1,.2.5.91.91,0,0,1-.3.7,1.22,1.22,0,0,1-.9.3,1.27,1.27,0,0,1-.6-.1c-.2-.1-.3-.1-.4-.2s-.2-.1-.3-.2-.2-.1-.2-.2a.1.1,0,0,0-.1-.1l-.6.6.1.1a.77.77,0,0,0,.3.2c.1.1.3.2.4.3a1.42,1.42,0,0,0,.6.2,2.2,2.2,0,0,0,.8.1,2.54,2.54,0,0,0,1.6-.5,1.61,1.61,0,0,0,.6-1.3,1.88,1.88,0,0,0-.2-.8C117.2,36.7,116.9,36.6,116.8,36.5Z\"><\/path><polygon stroke-width=\"1px\" stroke=\"none\" fill=\"currentColor\" points=\"118.7 34.3 120.5 34.3 120.5 39.5 121.5 39.5 121.5 34.3 123.3 34.3 123.3 33.4 118.7 33.4 118.7 34.3\"><\/polygon><rect stroke-width=\"1px\" stroke=\"none\" fill=\"currentColor\" x=\"125.2\" y=\"33.4\" width=\"1\" height=\"6.1\"><\/rect><path stroke-width=\"1px\" stroke=\"none\" fill=\"currentColor\" d=\"M132.2,37.2h1.2v1l-.1.1-.2.2c-.1.1-.2.1-.3.2s-.3.1-.5.2-.4.1-.6.1a2,2,0,0,1-1.6-.7,2.36,2.36,0,0,1-.7-1.6,2,2,0,0,1,.7-1.6,2.36,2.36,0,0,1,1.6-.7,1.7,1.7,0,0,1,.7.1c.2.1.4.1.5.2s.3.2.4.3l.2.2.1.1.6-.6-.1-.1-.3-.3a2.19,2.19,0,0,0-.5-.3,4.88,4.88,0,0,0-.7-.3,2.77,2.77,0,0,0-.9-.1,3.17,3.17,0,0,0-2.3.9,3.14,3.14,0,0,0,0,4.4,3.17,3.17,0,0,0,2.3.9,2.77,2.77,0,0,0,.9-.1,4.88,4.88,0,0,0,.7-.3,2.19,2.19,0,0,0,.5-.3q.3-.15.3-.3a.1.1,0,0,1,.1-.1V36.5h-2.1v.7Z\"><\/path><polygon stroke-width=\"1px\" stroke=\"none\" fill=\"currentColor\" points=\"137.7 36.8 140.4 36.8 140.4 35.9 137.7 35.9 137.7 34.3 141.1 34.3 141.1 33.4 136.7 33.4 136.7 39.5 141.1 39.5 141.1 38.6 137.7 38.6 137.7 36.8\"><\/polygon><path stroke-width=\"1px\" stroke=\"none\" fill=\"currentColor\" d=\"M134,59.3l24-20.9L117.5.1l-.3-.3-19,17.9h-59L35,20.1V32.2h3.9v80.1H35v6.1H28.2v23.4H128.8V118.4H122v-6.1h-3.9v-53ZM46.7,112.4V32.3H82.8l-6.5,6.1L99.8,58.8l.5.4h10v53.2ZM100.1,58,85.5,45.3h14.6Zm.8-12.7h32.6V58.5H100.9Zm33.4,0h14.6L134.3,58Zm15.5-.8H84.6l-7.1-6.2,6.4-6.1.8-.8,4.1-3.9h56.6l11.4,10.7ZM117.6,1.3l27.1,25.6H117.6Zm-.8,0V26.9H89.7l6.3-6,.8-.8,1.7-1.6.8-.8Zm-81,30.2V20.6l3.6-2.1h58l-1.7,1.6H39.8v.8H94.9L83.6,31.5H35.8Zm10.1.8v80.1H39.7v-3.2h4v-.8h-4V36.3h4v-.8h-4V32.3Zm82.1,87v21.8H29V119.3h99Zm-6.8-.7H35.8v-5.4h85.4Zm-3.9-10.2h-4v.8h4v3.2h-6.2V59.3h6.2Z\"><\/path><\/svg> \t\t\t\t\t\t\t\t\t\t\t\t\t\t\t\t\t\t\t<\/div>\n\t\t\t\t\t\t\t\t\t\t\t\t\t\t\t<\/div>\n\t\t\t\t\t\t<\/a><!-- #post-1851 -->\n\n\t\t\t\t\t\t\t\t\t\t\t\t\t\t<\/div>\n            <\/div>\n        \n\t\t<\/div><\/div><\/div><\/div><div id=\"pg-1800-2\"  class=\"panel-grid panel-has-style\" ><div class=\"siteorigin-panels-stretch full background-display-auto panel-row-style panel-row-style-for-1800-2\" ><div id=\"pgc-1800-2-0\"  class=\"panel-grid-cell\" ><div id=\"panel-1800-2-0-0\" class=\"so-panel widget widget_traditium_video widget_video panel-first-child panel-last-child\" data-index=\"4\" >\n\t\t\t\t\t\t\t<div class=\"boxed widget_video-layout\">\n\t\t\t\t<div class=\"widget_video-container\">\n\t\t\t\t\t<div class=\"video-player\" data-video-id=\"3pH7IpwsFMQ\" data-video-start=\"0\" data-video-mute=\"0\">\n\t\t\t\t\t\t<div class=\"video-iframe-wrapper\">\n\t\t\t\t\t\t\t<div class=\"video-iframe\"><!-- 1. The <iframe> (and video player) will replace this <div> tag. --><\/div><!-- .video-player-iframe -->\n\t\t\t\t\t\t<\/div><!-- .video-iframe-wrapper -->\n\t\t\t\t\t\t<div class=\"video-thumbnail-wrapper\">\n\t\t\t\t\t\t\t<img decoding=\"async\" class=\"video-thumbnail\" src=\"\" alt=\"Video thumbnail\" \/>\n\t\t\t\t\t\t<\/div><!-- .video-thumbnail-wrapper -->\n\t\t\t\t\t\t<div class=\"video-overlay\">\n\t\t\t\t\t\t\t<div class=\"video-overlay-button\"><\/div>\n\t\t\t\t\t\t<\/div><!-- .video-overlay -->\n\t\t\t\t\t\t<div class=\"video-controller\"><\/div><!-- .video-controller -->\n\t\t\t\t\t<\/div><!-- .video-player -->\n\t\t\t\t<\/div>\n\t\t\t<\/div>\n\t\t\n\t\t<\/div><\/div><\/div><\/div><div id=\"pg-1800-3\"  class=\"panel-grid panel-has-style\" ><div class=\"siteorigin-panels-stretch full background-display-auto panel-row-style panel-row-style-for-1800-3\" ><div id=\"pgc-1800-3-0\"  class=\"panel-grid-cell\" ><div id=\"panel-1800-3-0-0\" class=\"so-panel widget widget_traditium_columbarium_table widget_columbarium_table panel-first-child panel-last-child\" data-index=\"5\" >\n        <div class=\"table-section columbarium-table-section\">\n            <div class=\"boxed\">\n                <div class=\"table-layout\">\n                                                                <h3 class=\"table-title center\">\n                            Comparaison des mod\u00e8les                        <\/h3>\n                                        <div class=\"table-wrapper\">\n                        <table class=\"columbarium-table\">\n                                                                                        <thead>\n                                    <tr>\n                                        <th class=\"th-empty\"><\/th>\n                                        <th>Transportable<\/th>\n                                        <th>Bronze massif<\/th>\n                                        <th>Con\u00e7u pour<\/th>\n                                    <\/tr>\n                                <\/thead>\n\n                                <tbody>\n                                                                            <tr>\n                                            <!-- NAME -->\n                                            <td class=\"table-name\"><div>Petit | 1 Porte<\/div><\/td>\n\n                                            <!-- TRANSPORTABLE -->\n                                            <td>\n                                                                                                    <div class=\"check-icon\"><i class=\"fal fa-check\"><\/div><\/i>\n                                                                                            <\/td>\n\n                                            <!-- BRONZE -->\n                                            <td>\n                                                                                                    <div class=\"check-icon\"><i class=\"fal fa-check\"><\/div><\/i>\n                                                                                            <\/td>\n\n                                            <!-- DESIGNED FOR -->\n                                            <td>1 urne<\/td>\n                                        <\/tr>\n                                                                            <tr>\n                                            <!-- NAME -->\n                                            <td class=\"table-name\"><div>Moyen | 1 Porte<\/div><\/td>\n\n                                            <!-- TRANSPORTABLE -->\n                                            <td>\n                                                                                                    <div class=\"check-icon\"><i class=\"fal fa-check\"><\/div><\/i>\n                                                                                            <\/td>\n\n                                            <!-- BRONZE -->\n                                            <td>\n                                                                                                    <div class=\"check-icon\"><i class=\"fal fa-check\"><\/div><\/i>\n                                                                                            <\/td>\n\n                                            <!-- DESIGNED FOR -->\n                                            <td>1-2 urnes<\/td>\n                                        <\/tr>\n                                                                            <tr>\n                                            <!-- NAME -->\n                                            <td class=\"table-name\"><div>Large | 1 Porte<\/div><\/td>\n\n                                            <!-- TRANSPORTABLE -->\n                                            <td>\n                                                                                                    <div class=\"check-icon\"><i class=\"fal fa-check\"><\/div><\/i>\n                                                                                            <\/td>\n\n                                            <!-- BRONZE -->\n                                            <td>\n                                                                                                    <div class=\"check-icon\"><i class=\"fal fa-check\"><\/div><\/i>\n                                                                                            <\/td>\n\n                                            <!-- DESIGNED FOR -->\n                                            <td>1-2 urnes<\/td>\n                                        <\/tr>\n                                                                            <tr>\n                                            <!-- NAME -->\n                                            <td class=\"table-name\"><div>Large | 1 Porte avec demi-serpentin<\/div><\/td>\n\n                                            <!-- TRANSPORTABLE -->\n                                            <td>\n                                                                                            <\/td>\n\n                                            <!-- BRONZE -->\n                                            <td>\n                                                                                                    <div class=\"check-icon\"><i class=\"fal fa-check\"><\/div><\/i>\n                                                                                            <\/td>\n\n                                            <!-- DESIGNED FOR -->\n                                            <td>2 urnes<\/td>\n                                        <\/tr>\n                                                                            <tr>\n                                            <!-- NAME -->\n                                            <td class=\"table-name\"><div>Double | 2 Portes<\/div><\/td>\n\n                                            <!-- TRANSPORTABLE -->\n                                            <td>\n                                                                                            <\/td>\n\n                                            <!-- BRONZE -->\n                                            <td>\n                                                                                                    <div class=\"check-icon\"><i class=\"fal fa-check\"><\/div><\/i>\n                                                                                            <\/td>\n\n                                            <!-- DESIGNED FOR -->\n                                            <td>2-4 urnes<\/td>\n                                        <\/tr>\n                                                                            <tr>\n                                            <!-- NAME -->\n                                            <td class=\"table-name\"><div>Triple | 3 Portes<\/div><\/td>\n\n                                            <!-- TRANSPORTABLE -->\n                                            <td>\n                                                                                            <\/td>\n\n                                            <!-- BRONZE -->\n                                            <td>\n                                                                                                    <div class=\"check-icon\"><i class=\"fal fa-check\"><\/div><\/i>\n                                                                                            <\/td>\n\n                                            <!-- DESIGNED FOR -->\n                                            <td>3-6 urnes<\/td>\n                                        <\/tr>\n                                                                    <\/tbody>\n                                                    <\/table>\n                    <\/div>\n                <\/div>\n            <\/div>\n        <\/div>\n\t\t<\/div><\/div><\/div><\/div><\/div>","protected":false},"excerpt":{"rendered":"","protected":false},"author":9,"featured_media":0,"parent":0,"menu_order":10,"comment_status":"closed","ping_status":"closed","template":"","meta":{"_acf_changed":false,"footnotes":""},"class_list":["post-1800","page","type-page","status-publish","hentry"],"acf":[],"_links":{"self":[{"href":"https:\/\/traditium.agencedev.com\/fr\/wp-json\/wp\/v2\/pages\/1800","targetHints":{"allow":["GET"]}}],"collection":[{"href":"https:\/\/traditium.agencedev.com\/fr\/wp-json\/wp\/v2\/pages"}],"about":[{"href":"https:\/\/traditium.agencedev.com\/fr\/wp-json\/wp\/v2\/types\/page"}],"author":[{"embeddable":true,"href":"https:\/\/traditium.agencedev.com\/fr\/wp-json\/wp\/v2\/users\/9"}],"replies":[{"embeddable":true,"href":"https:\/\/traditium.agencedev.com\/fr\/wp-json\/wp\/v2\/comments?post=1800"}],"version-history":[{"count":7,"href":"https:\/\/traditium.agencedev.com\/fr\/wp-json\/wp\/v2\/pages\/1800\/revisions"}],"predecessor-version":[{"id":3400,"href":"https:\/\/traditium.agencedev.com\/fr\/wp-json\/wp\/v2\/pages\/1800\/revisions\/3400"}],"wp:attachment":[{"href":"https:\/\/traditium.agencedev.com\/fr\/wp-json\/wp\/v2\/media?parent=1800"}],"curies":[{"name":"wp","href":"https:\/\/api.w.org\/{rel}","templated":true}]}}