{"id":1840,"date":"2021-10-12T11:51:39","date_gmt":"2021-10-12T15:51:39","guid":{"rendered":"https:\/\/www.traditiumcanada.com\/engraving\/"},"modified":"2022-03-15T16:01:37","modified_gmt":"2022-03-15T20:01:37","slug":"service-de-gravure","status":"publish","type":"page","link":"https:\/\/traditium.agencedev.com\/fr\/service-de-gravure\/","title":{"rendered":"Service de gravure"},"content":{"rendered":"<div id=\"pl-1840\"  class=\"panel-layout\" ><div id=\"pg-1840-0\"  class=\"panel-grid panel-has-style\" ><div class=\"background-gradient-top siteorigin-panels-stretch full background-display-auto panel-row-style panel-row-style-for-1840-0\" ><div id=\"pgc-1840-0-0\"  class=\"panel-grid-cell\" ><div class=\"boxed-wide-half-left panel-cell-style panel-cell-style-for-1840-0-0\" ><div id=\"panel-1840-0-0-0\" class=\"so-panel widget widget_traditium_texte_generique widget_texte_generique panel-first-child panel-last-child\" data-index=\"0\" >\n\t\t<div class=\"widget-container left\">\n\n\t\t\t\t\t\t\t\t\t\t\t\t\t\t<h3 class=\"h3 widget-title\">Au-del\u00e0 de vos attentes<\/h3>\t\t\t\n\t\t\t\t\t\t\t\t\t\t<p>Laissez nos artistes graphistes produire des illustrations pour vous et votre famille.<br \/>\n\u200b<br \/>\nNous misons sur la force expressive et la qualit\u00e9 graphique exclusives de nos illustrations. Gr\u00e2ce au mat\u00e9riel et aux informations que vous nous fournissez, nous prenons en charge vos id\u00e9es et nous vous proposons des croquis qui actualisent vos d\u00e9sirs et vont m\u00eame au-del\u00e0 de vos attentes.<br \/>\n\u200b<br \/>\nPour que le r\u00e9sultat soit une r\u00e9ussite, nous soignons de fa\u00e7on toute particuli\u00e8re la qualit\u00e9 du lettrage et des arabesques. Gr\u00e2ce \u00e0 notre \u00e9quipement \u00e0 la fine pointe de la technologie et un travail impeccable de nos artistes graphistes, cela nous permet d'atteindre un r\u00e9sultat global in\u00e9galable et vraiment personnalis\u00e9.<\/p>\n\t\t\t\n\t\t\t\t\t\t\n\t\t<\/div>\n\n\n\t\t<\/div><\/div><\/div><div id=\"pgc-1840-0-1\"  class=\"panel-grid-cell\" ><div class=\"boxed-half-right panel-cell-style panel-cell-style-for-1840-0-1\" ><div id=\"panel-1840-0-1-0\" class=\"so-panel widget widget_traditium_image widget_image panel-first-child panel-last-child\" data-index=\"1\" >\n\t\t\t\t\t\t\t<img loading=\"lazy\" decoding=\"async\" width=\"930\" height=\"636\" src=\"https:\/\/traditium.agencedev.com\/wp-content\/uploads\/colombarium-gravure-traditium.jpg\" class=\"attachment-large size-large\" alt=\"\" srcset=\"https:\/\/traditium.agencedev.com\/wp-content\/uploads\/colombarium-gravure-traditium.jpg 930w, https:\/\/traditium.agencedev.com\/wp-content\/uploads\/colombarium-gravure-traditium-300x205.jpg 300w, https:\/\/traditium.agencedev.com\/wp-content\/uploads\/colombarium-gravure-traditium-768x525.jpg 768w\" sizes=\"auto, (max-width: 930px) 100vw, 930px\" \/>\t\t\n\t\t<\/div><\/div><\/div><\/div><\/div><div id=\"pg-1840-1\"  class=\"panel-grid panel-has-style\" ><div class=\"siteorigin-panels-stretch full background-display-auto panel-row-style panel-row-style-for-1840-1\" ><div id=\"pgc-1840-1-0\"  class=\"panel-grid-cell\" ><div id=\"panel-1840-1-0-0\" class=\"so-panel widget widget_traditium_video widget_video panel-first-child panel-last-child\" data-index=\"2\" >\n\t\t\t\t\t\t\t<div class=\"boxed widget_video-layout\">\n\t\t\t\t<div class=\"widget_video-container\">\n\t\t\t\t\t<div class=\"video-player\" data-video-id=\"kPt97bWcivY\" data-video-start=\"0\" data-video-mute=\"0\">\n\t\t\t\t\t\t<div class=\"video-iframe-wrapper\">\n\t\t\t\t\t\t\t<div class=\"video-iframe\"><!-- 1. The <iframe> (and video player) will replace this <div> tag. --><\/div><!-- .video-player-iframe -->\n\t\t\t\t\t\t<\/div><!-- .video-iframe-wrapper -->\n\t\t\t\t\t\t<div class=\"video-thumbnail-wrapper\">\n\t\t\t\t\t\t\t<img decoding=\"async\" class=\"video-thumbnail\" src=\"\" alt=\"Video thumbnail\" \/>\n\t\t\t\t\t\t<\/div><!-- .video-thumbnail-wrapper -->\n\t\t\t\t\t\t<div class=\"video-overlay\">\n\t\t\t\t\t\t\t<div class=\"video-overlay-button\"><\/div>\n\t\t\t\t\t\t<\/div><!-- .video-overlay -->\n\t\t\t\t\t\t<div class=\"video-controller\"><\/div><!-- .video-controller -->\n\t\t\t\t\t<\/div><!-- .video-player -->\n\t\t\t\t<\/div>\n\t\t\t<\/div>\n\t\t\n\t\t<\/div><\/div><\/div><\/div><\/div>","protected":false},"excerpt":{"rendered":"<p>Au-del\u00e0 de vos attentes Laissez nos artistes graphistes produire des illustrations pour vous et votre famille. \u200b Nous misons sur la force expressive et la qualit\u00e9 graphique exclusives de nos illustrations. Gr\u00e2ce au mat\u00e9riel et aux informations que vous nous fournissez, nous prenons en charge vos id\u00e9es et nous vous proposons des croquis qui actualisent [&hellip;]<\/p>\n","protected":false},"author":7,"featured_media":0,"parent":0,"menu_order":19,"comment_status":"closed","ping_status":"closed","template":"","meta":{"_acf_changed":false,"footnotes":""},"class_list":["post-1840","page","type-page","status-publish","hentry"],"acf":[],"_links":{"self":[{"href":"https:\/\/traditium.agencedev.com\/fr\/wp-json\/wp\/v2\/pages\/1840","targetHints":{"allow":["GET"]}}],"collection":[{"href":"https:\/\/traditium.agencedev.com\/fr\/wp-json\/wp\/v2\/pages"}],"about":[{"href":"https:\/\/traditium.agencedev.com\/fr\/wp-json\/wp\/v2\/types\/page"}],"author":[{"embeddable":true,"href":"https:\/\/traditium.agencedev.com\/fr\/wp-json\/wp\/v2\/users\/7"}],"replies":[{"embeddable":true,"href":"https:\/\/traditium.agencedev.com\/fr\/wp-json\/wp\/v2\/comments?post=1840"}],"version-history":[{"count":0,"href":"https:\/\/traditium.agencedev.com\/fr\/wp-json\/wp\/v2\/pages\/1840\/revisions"}],"wp:attachment":[{"href":"https:\/\/traditium.agencedev.com\/fr\/wp-json\/wp\/v2\/media?parent=1840"}],"curies":[{"name":"wp","href":"https:\/\/api.w.org\/{rel}","templated":true}]}}