{"id":2587,"date":"2023-07-02T10:07:36","date_gmt":"2023-07-02T14:07:36","guid":{"rendered":"https:\/\/traditium.agencedev.com\/?page_id=2587"},"modified":"2025-01-09T15:32:01","modified_gmt":"2025-01-09T20:32:01","slug":"distributeurs","status":"publish","type":"page","link":"https:\/\/traditium.agencedev.com\/fr\/distributeurs\/","title":{"rendered":"Distributeurs"},"content":{"rendered":"<div id=\"pl-2587\"  class=\"panel-layout\" ><div id=\"pg-2587-0\"  class=\"panel-grid panel-has-style\" ><div class=\"siteorigin-panels-stretch full background-display-auto panel-row-style panel-row-style-for-2587-0\" ><div id=\"pgc-2587-0-0\"  class=\"panel-grid-cell\" ><div id=\"panel-2587-0-0-0\" class=\"so-panel widget widget_traditium_titre widget_titre panel-first-child\" data-index=\"0\" >\n\t\t<div class=\"widget-container center\">\n\n\t\t\t\t\t\t\t\t\t\t\t\t\t\t<h3 class=\"h5 widget-title\">Nos distributeurs canadiens<\/h3>\t\t\t\n\t\t<\/div>\n\n\t\t<\/div><div id=\"panel-2587-0-0-1\" class=\"so-panel widget widget_traditium_logo_slideshow widget_logo_slideshow panel-last-child\" data-index=\"1\" >\n\t\t\n\t\t<div class=\"boxed\">\n\t\t\t<div class=\"slider slider-logos\">\n\t\t\t\t\t\t\t\t\t\t\t\t\t\t\t<div class=\"slide-image\">\n\t\t\t\t\t\t\t<a href=\"https:\/\/smetmonuments.ca\/\" target=\"_blank\">\n\t\t\t\t\t\t\t\t<img decoding=\"async\" src=\"https:\/\/traditium.agencedev.com\/wp-content\/uploads\/agile-store-locator\/Logo\/logo-smet-tradi-6740cdf6099aa.jpg\" alt=\"Smet monuments\"\/>\n\t\t\t\t\t\t\t<\/a>\n\t\t\t\t\t\t<\/div>\n\t\t\t\t\t\t\t\t\t\t\t\t\t\t\t\t\t\t\t<div class=\"slide-image\">\n\t\t\t\t\t\t\t<a href=\"https:\/\/www.colonialgranite.com\/\" target=\"_blank\">\n\t\t\t\t\t\t\t\t<img decoding=\"async\" src=\"https:\/\/traditium.agencedev.com\/wp-content\/uploads\/agile-store-locator\/Logo\/colonial-logo-r-6750b9b5e4696.png\" alt=\"Colonial Granite Monuments\"\/>\n\t\t\t\t\t\t\t<\/a>\n\t\t\t\t\t\t<\/div>\n\t\t\t\t\t\t\t\t\t\t\t\t\t\t\t\t\t\t\t<div class=\"slide-image\">\n\t\t\t\t\t\t\t<a href=\"https:\/\/prescottmemorials.ca\/\" target=\"_blank\">\n\t\t\t\t\t\t\t\t<img decoding=\"async\" src=\"https:\/\/traditium.agencedev.com\/wp-content\/uploads\/agile-store-locator\/Logo\/prescott-logo-r-6750b9c59d646.png\" alt=\"Prescott Memorials\"\/>\n\t\t\t\t\t\t\t<\/a>\n\t\t\t\t\t\t<\/div>\n\t\t\t\t\t\t\t\t\t\t\t\t\t\t\t\t\t\t\t<div class=\"slide-image\">\n\t\t\t\t\t\t\t<a href=\"https:\/\/www.cimetierenotredamedesneiges.ca\/\" target=\"_blank\">\n\t\t\t\t\t\t\t\t<img decoding=\"async\" src=\"https:\/\/traditium.agencedev.com\/wp-content\/uploads\/agile-store-locator\/Logo\/cimetiere-notre-6750b9da4036b.png\" alt=\"Cimeti\u00e8re Notre-Dame-des-neiges\"\/>\n\t\t\t\t\t\t\t<\/a>\n\t\t\t\t\t\t<\/div>\n\t\t\t\t\t\t\t\t\t\t\t\t\t\t\t\t\t\t\t<div class=\"slide-image\">\n\t\t\t\t\t\t\t<a href=\"http:\/\/demones.ca\/\" target=\"_blank\">\n\t\t\t\t\t\t\t\t<img decoding=\"async\" src=\"https:\/\/traditium.agencedev.com\/wp-content\/uploads\/agile-store-locator\/Logo\/demones-logo-6750ba4a19bde.png\" alt=\"DeMone\"\/>\n\t\t\t\t\t\t\t<\/a>\n\t\t\t\t\t\t<\/div>\n\t\t\t\t\t\t\t\t\t\t\t\t\t\t\t\t\t\t\t\t\t\t\t\t\t\t\t\t\t\t\t\t\t\t\t\t\t\t\t\t\t\t\t\t\t\t\t\t\t\t\t\t\t\t\t\t\t\t\t\t\t\t\t\t\t\t\t\t\t\t\t\t\t\t\t\t\t\t\t\t\t\t\t\t\t\t\t\t\t\t\t\t\t\t\t\t\t\t\t\t\t\t\t\t\t\t\t\t\t\t\t\t\t\t\t\t\t\t\t<\/div>\n\t\t<\/div>\n\t\t<\/div><\/div><\/div><\/div><div id=\"pg-2587-1\"  class=\"panel-grid panel-has-style\" ><div class=\"siteorigin-panels-stretch full background-display-auto panel-row-style panel-row-style-for-2587-1\" ><div id=\"pgc-2587-1-0\"  class=\"panel-grid-cell\" ><div id=\"panel-2587-1-0-0\" class=\"so-panel widget widget_traditium_titre widget_titre panel-first-child\" data-index=\"2\" >\n\t\t<div class=\"widget-container center\">\n\n\t\t\t\t\t\t\t\t\t\t\t\t\t\t<h3 class=\"h5 widget-title\">Nos distributeurs am\u00e9ricains<\/h3>\t\t\t\n\t\t<\/div>\n\n\t\t<\/div><div id=\"panel-2587-1-0-1\" class=\"so-panel widget widget_traditium_logo_slideshow widget_logo_slideshow panel-last-child\" data-index=\"3\" >\n\t\t\n\t\t<div class=\"boxed\">\n\t\t\t<div class=\"slider slider-logos\">\n\t\t\t\t\t\t\t\t\t\t\t\t\t\t\t\t\t\t\t\t\t\t\t\t\t\t\t\t\t\t\t\t\t\t\t\t\t\t\t\t\t\t\t\t\t\t\t\t\t\t\t\t\t\t\t\t\t\t\t\t<div class=\"slide-image\">\n\t\t\t\t\t\t\t<a href=\"https:\/\/www.wrightmonumental.com\/\" target=\"_blank\">\n\t\t\t\t\t\t\t\t<img decoding=\"async\" src=\"https:\/\/traditium.agencedev.com\/wp-content\/uploads\/agile-store-locator\/Logo\/wright-monument-6751bdf9586b2.png\" alt=\"Wright Monumental works\"\/>\n\t\t\t\t\t\t\t<\/a>\n\t\t\t\t\t\t<\/div>\n\t\t\t\t\t\t\t\t\t\t\t\t\t\t\t\t\t\t\t<div class=\"slide-image\">\n\t\t\t\t\t\t\t<a href=\"https:\/\/www.fremontmonumental.com\/\" target=\"_blank\">\n\t\t\t\t\t\t\t\t<img decoding=\"async\" src=\"https:\/\/traditium.agencedev.com\/wp-content\/uploads\/agile-store-locator\/Logo\/fremont-monumen-6751be296e458.png\" alt=\"Fremont Monumental\"\/>\n\t\t\t\t\t\t\t<\/a>\n\t\t\t\t\t\t<\/div>\n\t\t\t\t\t\t\t\t\t\t\t\t\t\t\t\t\t\t\t<div class=\"slide-image\">\n\t\t\t\t\t\t\t<a href=\"https:\/\/mcfeememorials.org\/\" target=\"_blank\">\n\t\t\t\t\t\t\t\t<img decoding=\"async\" src=\"https:\/\/traditium.agencedev.com\/wp-content\/uploads\/agile-store-locator\/Logo\/mcfee-memorials-6751bef0cbc88.png\" alt=\"McFee Memorials\"\/>\n\t\t\t\t\t\t\t<\/a>\n\t\t\t\t\t\t<\/div>\n\t\t\t\t\t\t\t\t\t\t\t\t\t\t\t\t\t\t\t<div class=\"slide-image\">\n\t\t\t\t\t\t\t<a href=\"https:\/\/heritagememorialsvt.com\/\" target=\"_blank\">\n\t\t\t\t\t\t\t\t<img decoding=\"async\" src=\"https:\/\/traditium.agencedev.com\/wp-content\/uploads\/agile-store-locator\/Logo\/heritage-memori-6751bf6220b44.png\" alt=\"Heritage Memorials\"\/>\n\t\t\t\t\t\t\t<\/a>\n\t\t\t\t\t\t<\/div>\n\t\t\t\t\t\t\t\t\t\t\t\t\t\t\t\t\t\t\t<div class=\"slide-image\">\n\t\t\t\t\t\t\t<a href=\"https:\/\/www.wetzlerfuneralhome.com\/\" target=\"_blank\">\n\t\t\t\t\t\t\t\t<img decoding=\"async\" src=\"https:\/\/traditium.agencedev.com\/wp-content\/uploads\/agile-store-locator\/Logo\/capture-de-6751bfe14db33.png\" alt=\"Wetzler Funeral Services\"\/>\n\t\t\t\t\t\t\t<\/a>\n\t\t\t\t\t\t<\/div>\n\t\t\t\t\t\t\t\t\t\t\t\t\t\t\t\t\t\t\t<div class=\"slide-image\">\n\t\t\t\t\t\t\t<a href=\"https:\/\/felzerurbanandsievert.com\/\" target=\"_blank\">\n\t\t\t\t\t\t\t\t<img decoding=\"async\" src=\"https:\/\/traditium.agencedev.com\/wp-content\/uploads\/agile-store-locator\/Logo\/felzerurbanands-6751c076edfcf.png\" alt=\"Felzer, Urban and Sievert Monument Works\"\/>\n\t\t\t\t\t\t\t<\/a>\n\t\t\t\t\t\t<\/div>\n\t\t\t\t\t\t\t\t\t\t\t\t\t\t\t\t\t\t\t\t\t\t\t\t\t\t\t\t<div class=\"slide-image\">\n\t\t\t\t\t\t\t<a href=\"https:\/\/www.pippinfuneralhome.com\/\" target=\"_blank\">\n\t\t\t\t\t\t\t\t<img decoding=\"async\" src=\"https:\/\/traditium.agencedev.com\/wp-content\/uploads\/agile-store-locator\/Logo\/pippin-logo-6751c7d87f5ea.png\" alt=\"Pippin Funeral Home\"\/>\n\t\t\t\t\t\t\t<\/a>\n\t\t\t\t\t\t<\/div>\n\t\t\t\t\t\t\t\t\t\t\t\t\t\t\t\t\t\t\t<div class=\"slide-image\">\n\t\t\t\t\t\t\t<a href=\"https:\/\/schultzmonument.com\/\" target=\"_blank\">\n\t\t\t\t\t\t\t\t<img decoding=\"async\" src=\"https:\/\/traditium.agencedev.com\/wp-content\/uploads\/agile-store-locator\/Logo\/schultz-logo-6751c8abbff2b.png\" alt=\"Schultz Monument Company\"\/>\n\t\t\t\t\t\t\t<\/a>\n\t\t\t\t\t\t<\/div>\n\t\t\t\t\t\t\t\t\t\t\t\t\t\t\t\t\t\t\t<div class=\"slide-image\">\n\t\t\t\t\t\t\t<a href=\"\" target=\"_blank\">\n\t\t\t\t\t\t\t\t<img decoding=\"async\" src=\"https:\/\/traditium.agencedev.com\/wp-content\/uploads\/agile-store-locator\/Logo\/brookhaven-logo-6751c9c772074.png\" alt=\"Brookhaven Monument\"\/>\n\t\t\t\t\t\t\t<\/a>\n\t\t\t\t\t\t<\/div>\n\t\t\t\t\t\t\t\t\t\t\t\t\t\t\t\t\t\t\t<div class=\"slide-image\">\n\t\t\t\t\t\t\t<a href=\"https:\/\/www.stmarysmonuments.com\/\" target=\"_blank\">\n\t\t\t\t\t\t\t\t<img decoding=\"async\" src=\"https:\/\/traditium.agencedev.com\/wp-content\/uploads\/agile-store-locator\/Logo\/st-marys-logo-6751cab4e871c.png\" alt=\"St. Marys Monuments\"\/>\n\t\t\t\t\t\t\t<\/a>\n\t\t\t\t\t\t<\/div>\n\t\t\t\t\t\t\t\t\t\t\t\t\t\t\t\t\t\t\t<div class=\"slide-image\">\n\t\t\t\t\t\t\t<a href=\"https:\/\/www.rose-neath.com\/\" target=\"_blank\">\n\t\t\t\t\t\t\t\t<img decoding=\"async\" src=\"https:\/\/traditium.agencedev.com\/wp-content\/uploads\/agile-store-locator\/Logo\/rose-neath-logo-6751cb3902c46.png\" alt=\"Kilpatrick\u2019s Rose-Neath Funeral Homes, Crematorium and Cemeteries, Inc.\"\/>\n\t\t\t\t\t\t\t<\/a>\n\t\t\t\t\t\t<\/div>\n\t\t\t\t\t\t\t\t\t\t\t<\/div>\n\t\t<\/div>\n\t\t<\/div><\/div><\/div><\/div><div id=\"pg-2587-2\"  class=\"panel-grid panel-has-style\" ><div class=\"siteorigin-panels-stretch full background-display-auto panel-row-style panel-row-style-for-2587-2\" ><div id=\"pgc-2587-2-0\"  class=\"panel-grid-cell\" ><div id=\"panel-2587-2-0-0\" class=\"so-panel widget widget_traditium_titre widget_titre panel-first-child\" data-index=\"4\" >\n\t\t<div class=\"widget-container center\">\n\n\t\t\t\t\t\t\t\t\t\t\t\t\t\t<h3 class=\"h5 widget-title\">Nos distributeurs fran\u00e7ais<\/h3>\t\t\t\n\t\t<\/div>\n\n\t\t<\/div><div id=\"panel-2587-2-0-1\" class=\"so-panel widget widget_traditium_logo_slideshow widget_logo_slideshow panel-last-child\" data-index=\"5\" >\n\t\t\n\t\t<div class=\"boxed\">\n\t\t\t<div class=\"slider slider-logos\">\n\t\t\t\t\t\t\t\t\t\t\t\t\t\t\t\t\t\t\t\t\t\t\t\t\t\t\t\t\t\t\t\t\t\t\t\t\t\t\t\t\t\t\t\t\t\t\t\t\t\t\t\t\t\t\t\t\t\t\t\t\t\t\t\t\t\t\t\t\t\t\t\t\t\t\t\t\t\t\t\t\t\t\t\t\t\t\t\t\t\t\t\t\t\t\t\t\t\t\t\t\t\t\t\t\t\t\t\t\t\t\t\t\t\t<div class=\"slide-image\">\n\t\t\t\t\t\t\t<a href=\"https:\/\/www.udife.com\/\" target=\"_blank\">\n\t\t\t\t\t\t\t\t<img decoding=\"async\" src=\"https:\/\/traditium.agencedev.com\/wp-content\/uploads\/agile-store-locator\/Logo\/logo-udife-trad-678034fc2e159.png\" alt=\"UDIFE\"\/>\n\t\t\t\t\t\t\t<\/a>\n\t\t\t\t\t\t<\/div>\n\t\t\t\t\t\t\t\t\t\t\t\t\t\t\t\t\t\t\t\t\t\t\t\t\t\t\t\t\t\t\t\t\t\t\t\t\t\t\t\t\t\t\t\t\t\t\t\t\t\t\t\t\t\t\t\t<\/div>\n\t\t<\/div>\n\t\t<\/div><\/div><\/div><\/div><div id=\"pg-2587-3\"  class=\"panel-grid panel-has-style\" ><div class=\"background-gradient-top siteorigin-panels-stretch full background-display-auto panel-row-style panel-row-style-for-2587-3\" ><div id=\"pgc-2587-3-0\"  class=\"panel-grid-cell\" ><div class=\"boxed-wide-half-left panel-cell-style panel-cell-style-for-2587-3-0\" ><div id=\"panel-2587-3-0-0\" class=\"so-panel widget widget_traditium_texte_generique widget_texte_generique panel-first-child panel-last-child\" data-index=\"6\" >\n\t\t<div class=\"widget-container left\">\n\n\t\t\t\t\t\t\t\t\t\t\t\t\t\t<h3 class=\"h4 widget-title\">DEVENEZ DISTRIBUTEUR<\/h3>\t\t\t\n\t\t\t\t\t\t\t\t\t\t<div class=\"elementor-element elementor-element-a9fdf46 elementor-widget elementor-widget-heading\" data-id=\"a9fdf46\" data-element_type=\"widget\" data-widget_type=\"heading.default\">\n<div class=\"elementor-widget-container\">\n<p class=\"elementor-heading-title elementor-size-default\">Devenir distributeur des monuments fun\u00e9raires Traditium offre une opportunit\u00e9 unique de fournir des solutions de comm\u00e9moration exceptionnelles \u00e0 vos clients. En tant que distributeur, vous aurez acc\u00e8s \u00e0 une gamme exclusive de monuments fun\u00e9raires de haute qualit\u00e9, fabriqu\u00e9s avec un savoir-faire artisanal et une attention m\u00e9ticuleuse aux d\u00e9tails.<\/p>\n<p>Rejoignez-nous d\u00e8s aujourd'hui pour offrir \u00e0 vos clients des monuments fun\u00e9raires de qualit\u00e9 sup\u00e9rieure qui honoreront la m\u00e9moire de leurs proches pour les g\u00e9n\u00e9rations \u00e0 venir.<\/p>\n<\/div>\n<\/div>\n\t\t\t\n\t\t\t\t\t\t\t\t\t\t<a class=\"btn btn-primary\" href=\"tel:8192906244\" target=\"_blank\" rel=\"noopener noreferrer\">\n\t\t\t\t\t819 290-6244\t\t\t\t<\/a>\n\t\t\t\n\t\t<\/div>\n\n\n\t\t<\/div><\/div><\/div><div id=\"pgc-2587-3-1\"  class=\"panel-grid-cell\" ><div class=\"panel-cell-style panel-cell-style-for-2587-3-1\" ><div id=\"panel-2587-3-1-0\" class=\"so-panel widget widget_traditium_image widget_image panel-first-child panel-last-child\" data-index=\"7\" >\n\t\t\t\t\t\t\t<img loading=\"lazy\" decoding=\"async\" width=\"1250\" height=\"733\" src=\"https:\/\/traditium.agencedev.com\/wp-content\/uploads\/billy-gibson-traditium-canada-1250x733.jpg\" class=\"attachment-large size-large\" alt=\"\" srcset=\"https:\/\/traditium.agencedev.com\/wp-content\/uploads\/billy-gibson-traditium-canada-1250x733.jpg 1250w, https:\/\/traditium.agencedev.com\/wp-content\/uploads\/billy-gibson-traditium-canada-300x176.jpg 300w, https:\/\/traditium.agencedev.com\/wp-content\/uploads\/billy-gibson-traditium-canada-768x450.jpg 768w, https:\/\/traditium.agencedev.com\/wp-content\/uploads\/billy-gibson-traditium-canada-1536x900.jpg 1536w, https:\/\/traditium.agencedev.com\/wp-content\/uploads\/billy-gibson-traditium-canada.jpg 2000w\" sizes=\"auto, (max-width: 1250px) 100vw, 1250px\" \/>\t\t\n\t\t<\/div><\/div><\/div><\/div><\/div><div id=\"pg-2587-4\"  class=\"panel-grid panel-has-style\" ><div class=\"siteorigin-panels-stretch full background-display-auto panel-row-style panel-row-style-for-2587-4\" ><div id=\"pgc-2587-4-0\"  class=\"panel-grid-cell\" ><div id=\"panel-2587-4-0-0\" class=\"widget_text so-panel widget widget_custom_html panel-first-child panel-last-child\" data-index=\"8\" ><div class=\"textwidget custom-html-widget\"><link rel='stylesheet' id='asl-plugin-css' href='https:\/\/traditium.agencedev.com\/wp-content\/plugins\/agile-store-locator\/public\/css\/asl.css?version=4.6.36' type='text\/css' media='all' \/>\n<style type=\"text\/css\">\n  #asl-storelocator.asl-p-cont .Status_filter .onoffswitch-inner::before {content: \"OUVRIR\" !important}\n  #asl-storelocator.asl-p-cont .Status_filter .onoffswitch-inner::after {content: \"ALL\" !important}\n  #asl-storelocator.container.storelocator-main.asl-p-cont .asl-loc-sec .asl-panel {order: 0;}\n<\/style>\n\n<div id=\"asl-storelocator\" class=\"container storelocator-main asl-p-cont asl-template-0 asl-layout-0 asl-bg-0 full-width no-asl-filters  asl-text-0\">\n      <div class=\"row asl-loc-sec\">\n    <div class=\"col-sm-8 col-xs-12 asl-map\">\n      <div class=\"store-locator\">\n        <div id=\"asl-map-canv\"><\/div>\n        <!-- agile-modal -->\n        <div id=\"agile-modal-direction\" class=\"agile-modal fade\">\n          <div class=\"agile-modal-backdrop-in\"><\/div>\n          <div class=\"agile-modal-dialog in\">\n            <div class=\"agile-modal-content\">\n              <div class=\"agile-modal-header\">\n                <button type=\"button\" class=\"close-directions close\" data-dismiss=\"agile-modal\" aria-label=\"Close\"><span aria-hidden=\"true\">&times;<\/span><\/button>\n                <h4>Get Your Directions<\/h4>\n              <\/div>\n              <div class=\"form-group\">\n                <label for=\"frm-lbl\">De:<\/label>\n                <input type=\"text\" class=\"form-control frm-place\" id=\"frm-lbl\" placeholder=\"Saisissez un lieu\">\n              <\/div>\n              <div class=\"form-group\">\n                <label for=\"frm-lbl\">\u00c0:<\/label>\n                <input readonly=\"true\" type=\"text\"  class=\"directions-to form-control\" id=\"to-lbl\" placeholder=\"Prepopulated Destination Address\">\n              <\/div>\n              <div class=\"form-group\">\n                <span for=\"frm-lbl\">Afficher Distance Dans<\/span>\n                <label class=\"checkbox-inline\">\n                  <input type=\"radio\" name=\"dist-type\"  id=\"rbtn-km\" value=\"0\"> KM                <\/label>\n                <label class=\"checkbox-inline\">\n                  <input type=\"radio\" name=\"dist-type\" checked id=\"rbtn-mile\" value=\"1\"> Mile                <\/label>\n              <\/div>\n              <div class=\"form-group\">\n                <button type=\"submit\" class=\"btn btn-default btn-submit\">OBTENIR DES DIRECTIONS<\/button>\n              <\/div>\n            <\/div>\n          <\/div>\n        <\/div>\n\n        <div id=\"asl-geolocation-agile-modal\" class=\"agile-modal fade\">\n          <div class=\"agile-modal-backdrop-in\"><\/div>\n          <div class=\"agile-modal-dialog in\">\n            <div class=\"agile-modal-content\">\n              <button type=\"button\" class=\"close-directions close\" data-dismiss=\"agile-modal\" aria-label=\"Close\"><span aria-hidden=\"true\">&times;<\/span><\/button>\n                            <div class=\"form-group\">\n                <h4>Utiliser mon emplacement pour trouver le fournisseur de services le plus pr\u00e8s de moi<\/h4>\n              <\/div>\n              <div class=\"form-group text-center\">\n                <button type=\"button\" id=\"asl-btn-geolocation\" class=\"btn btn-block btn-default\">UTILISATION LOCATION<\/button>\n              <\/div>\n                          <\/div>\n          <\/div>\n        <\/div>\n        <!-- agile-modal end -->\n      <\/div>\n    <\/div>\n    <div class=\"col-sm-4 col-xs-12 asl-panel\">\n          \n      <div class=\"col-xs-12 inside search_filter\">\n        <p>Chercher Location<\/p>\n        <div class=\"asl-store-search\">\n            <input type=\"text\" value=\"\" id=\"auto-complete-search\" class=\"asl-search-address form-control\" placeholder=\"Saisissez un lieu\">\n            <span class=\"span-geo\"><i class=\"glyphicon asl-geo icon-direction-outline\" title=\"Localisation actuelle\"><\/i><\/span>\n        <\/div>\n        <div class=\"Num_of_store\">\n          <span>Traditium: <span class=\"count-result\">0<\/span><\/span>\n          <a class=\"asl-print-btn\"><span>PRINT<\/span><span class=\"asl-print\"><\/span><\/a>\n        <\/div>    \n      <\/div>\n            <!--  Panel Listing -->\n      <div id=\"asl-list\" class=\"storelocator-panel\">\n        \n        <div class=\"asl-overlay\" id=\"map-loading\">\n          <div class=\"white\"><\/div>\n          <div class=\"loading\"><img decoding=\"async\" style=\"margin-right: 10px;\" class=\"loader\" src=\"https:\/\/traditium.agencedev.com\/wp-content\/plugins\/agile-store-locator\/public\/Logo\/loading.gif\">Chargement...<\/div>\n        <\/div>\n        <div class=\"panel-cont\">\n            <div class=\"panel-inner\">\n              <div class=\"col-md-12 asl-p-0\">\n                  <ul id=\"p-statelist\"  role=\"tablist\" aria-multiselectable=\"true\">\n                  <\/ul>\n              <\/div>\n            <\/div>\n        <\/div>\n        <div class=\"directions-cont hide\">\n          <div class=\"agile-modal-header\">\n            <button type=\"button\" class=\"close\"><span aria-hidden=\"true\">&times;<\/span><\/button>\n            <h4>Directions<\/h4>\n          <\/div>\n          <div class=\"rendered-directions\"><\/div>\n        <\/div>\n      <\/div>\n    <\/div> \n  <\/div>\n<\/div>\n<!-- This plugin is developed by \"Agile Store Locator by WordPress\" https:\/\/agilestorelocator.com -->\n\n<script id=\"tmpl_list_item\" type=\"text\/x-jsrender\">\n  <div class=\"sl-item\" data-id=\"{{:id}}\">\n    <div class=\"addr-sec\">\n      <p class=\"p-title\">{{:title}}<\/p>\n    <\/div>\n    <div class=\"row\">\n      <div class=\"{{if path}}col-md-9 col-xs-9{{else}}col-md-12{{\/if}} addr-sec\">\n        <p class=\"p-area\"><span class=\"glyphicon icon-location\"><\/span><span>{{:address}}<\/span><\/p>\n        {{if phone}}\n          <p class=\"p-area\"><span class=\"glyphicon icon-phone-outline\"><\/span><a href=\"tel:{{:phone}}\">{{:phone}}<\/a><\/p>\n        {{\/if}}\n        {{if email}}\n        <p class=\"p-area\"><span class=\"glyphicon icon-at\"><\/span><a href=\"mailto:{{:email}}\" style=\"text-transform: lowercase\">{{:email}}<\/a><\/p>\n        {{\/if}}\n        {{if fax}}\n          <p class=\"p-area\"><span class=\"glyphicon icon-fax\"><\/span> Fax:{{:fax}}<\/p>\n        {{\/if}}\n        {{if c_names}}\n        <p class=\"p-area\"><span class=\"glyphicon icon-tag\"><\/span> {{:c_names}}<\/p>\n        {{\/if}}\n        {{if open_hours}}\n        <p class=\"p-area\"><span class=\"glyphicon icon-clock-1\"><\/span> {{:open_hours}}<\/p>\n        {{\/if}}\n      <\/div>\n      {{if path}}\n      <div class=\"col-md-3 col-xs-3 sm-pl-0\">\n        <div class=\"thumb-a\">\n            <img decoding=\"async\" src=\"https:\/\/traditium.agencedev.com\/wp-content\/uploads\/agile-store-locator\/Logo\/{{:path}}\" alt=\"logo\">\n        <\/div>\n      <\/div>\n      {{\/if}}\n    <\/div>\n    <div class=\"row mt-10\">\n        <div class=\"col-xs-6\">\n          <div class=\"p-direction\"><button type=\"button\" class=\"btn btn-asl s-direction\">Directions<\/button><\/div>\n        <\/div>\n        {{if dist_str}}\n        <div class=\"col-xs-6\">\n            <span class=\"s-distance\">{{:dist_str}}<\/span>\n        <\/div>\n        {{\/if}}\n    <\/div>\n  <\/div>\n<\/script>\n<script id=\"asl_too_tip\" type=\"text\/x-jsrender\">\n{{if path}}\n<div class=\"image_map_popup\" style=\"display:none\"><img decoding=\"async\" src=\"{{:URL}}Logo\/{{:path}}\" \/><\/div>\n{{\/if}}\n  <h3>{{:title}}<\/h3>\n  <div class=\"infowindowContent\">\n    <div class=\"info-box-cont\">\n      <div class=\"row\">\n        <div class=\"col-md-12\">\n          <div class=\"{{if path}}info-addr{{else}}info-addr w-100-p{{\/if}}\">\n            <div class=\"address\"><span class=\"glyphicon icon-location\"><\/span><span>{{:address}}<\/span><\/div>\n            {{if phone}}\n            <div class=\"phone\"><span class=\"glyphicon icon-phone-outline\"><\/span><a href=\"tel:{{:phone}}\">{{:phone}}<\/a><\/div>\n            {{\/if}}\n            {{if email}}\n            <div class=\"p-time\"><span class=\"glyphicon icon-at\"><\/span><a href=\"mailto:{{:email}}\" style=\"text-transform: lowercase\">{{:email}}<\/a><\/div>\n            {{\/if}}\n          <\/div>\n          {{if path}}\n          <div class=\"img_box\" style=\"display:none\">\n            <img decoding=\"async\" src=\"{{:URL}}Logo\/{{:path}}\" alt=\"logo\">\n          <\/div>\n          {{\/if}}\n        <\/div>\n      <\/div>\n      <div class=\"row\">\n        <div class=\"col-md-12 asl-tt-details\">\n          {{if dist_str}}\n          <div class=\"distance\">Distance: {{:dist_str}}<\/div>\n          {{\/if}}\n        <\/div>\n      <\/div>\n    <\/div>\n  <div class=\"asl-buttons\"><\/div>\n<\/div><div class=\"arrow-down\"><\/div>\n<\/script>\n<\/div><\/div><\/div><\/div><\/div><\/div>","protected":false},"excerpt":{"rendered":"<p>Nos distributeurs canadiens Nos distributeurs am\u00e9ricains Nos distributeurs fran\u00e7ais DEVENEZ DISTRIBUTEUR Devenir distributeur des monuments fun\u00e9raires Traditium offre une opportunit\u00e9 unique de fournir des solutions de comm\u00e9moration exceptionnelles \u00e0 vos clients. En tant que distributeur, vous aurez acc\u00e8s \u00e0 une gamme exclusive de monuments fun\u00e9raires de haute qualit\u00e9, fabriqu\u00e9s avec un savoir-faire artisanal et une [&hellip;]<\/p>\n","protected":false},"author":9,"featured_media":0,"parent":0,"menu_order":4,"comment_status":"closed","ping_status":"closed","template":"","meta":{"_acf_changed":false,"footnotes":""},"class_list":["post-2587","page","type-page","status-publish","hentry"],"acf":[],"_links":{"self":[{"href":"https:\/\/traditium.agencedev.com\/fr\/wp-json\/wp\/v2\/pages\/2587","targetHints":{"allow":["GET"]}}],"collection":[{"href":"https:\/\/traditium.agencedev.com\/fr\/wp-json\/wp\/v2\/pages"}],"about":[{"href":"https:\/\/traditium.agencedev.com\/fr\/wp-json\/wp\/v2\/types\/page"}],"author":[{"embeddable":true,"href":"https:\/\/traditium.agencedev.com\/fr\/wp-json\/wp\/v2\/users\/9"}],"replies":[{"embeddable":true,"href":"https:\/\/traditium.agencedev.com\/fr\/wp-json\/wp\/v2\/comments?post=2587"}],"version-history":[{"count":23,"href":"https:\/\/traditium.agencedev.com\/fr\/wp-json\/wp\/v2\/pages\/2587\/revisions"}],"predecessor-version":[{"id":3348,"href":"https:\/\/traditium.agencedev.com\/fr\/wp-json\/wp\/v2\/pages\/2587\/revisions\/3348"}],"wp:attachment":[{"href":"https:\/\/traditium.agencedev.com\/fr\/wp-json\/wp\/v2\/media?parent=2587"}],"curies":[{"name":"wp","href":"https:\/\/api.w.org\/{rel}","templated":true}]}}